{"id":102,"date":"2023-07-16T17:10:39","date_gmt":"2023-07-16T15:10:39","guid":{"rendered":"http:\/\/www.nds.armentierois.fr\/?page_id=102"},"modified":"2023-09-13T19:38:26","modified_gmt":"2023-09-13T17:38:26","slug":"le-maitre-autel","status":"publish","type":"page","link":"https:\/\/vaast.armentierois.fr\/?page_id=102","title":{"rendered":"Le ma\u00eetre autel"},"content":{"rendered":"\n<figure class=\"wp-block-image size-large\"><img loading=\"lazy\" decoding=\"async\" width=\"640\" height=\"853\" src=\"https:\/\/i0.wp.com\/vaast.armentierois.fr\/wp-content\/uploads\/2023\/09\/5ee557b8-70da-43e3-948f-887e6858adf5-4064-000003132b3c7282_file.jpg?resize=640%2C853&#038;ssl=1\" alt=\"\" class=\"wp-image-1808\" srcset=\"https:\/\/i0.wp.com\/vaast.armentierois.fr\/wp-content\/uploads\/2023\/09\/5ee557b8-70da-43e3-948f-887e6858adf5-4064-000003132b3c7282_file-scaled.jpg?resize=768%2C1024&amp;ssl=1 768w, https:\/\/i0.wp.com\/vaast.armentierois.fr\/wp-content\/uploads\/2023\/09\/5ee557b8-70da-43e3-948f-887e6858adf5-4064-000003132b3c7282_file-scaled.jpg?resize=225%2C300&amp;ssl=1 225w, https:\/\/i0.wp.com\/vaast.armentierois.fr\/wp-content\/uploads\/2023\/09\/5ee557b8-70da-43e3-948f-887e6858adf5-4064-000003132b3c7282_file-scaled.jpg?resize=1152%2C1536&amp;ssl=1 1152w, https:\/\/i0.wp.com\/vaast.armentierois.fr\/wp-content\/uploads\/2023\/09\/5ee557b8-70da-43e3-948f-887e6858adf5-4064-000003132b3c7282_file-scaled.jpg?resize=1536%2C2048&amp;ssl=1 1536w, https:\/\/i0.wp.com\/vaast.armentierois.fr\/wp-content\/uploads\/2023\/09\/5ee557b8-70da-43e3-948f-887e6858adf5-4064-000003132b3c7282_file-scaled.jpg?w=1920&amp;ssl=1 1920w, https:\/\/i0.wp.com\/vaast.armentierois.fr\/wp-content\/uploads\/2023\/09\/5ee557b8-70da-43e3-948f-887e6858adf5-4064-000003132b3c7282_file-scaled.jpg?w=1280&amp;ssl=1 1280w\" sizes=\"auto, (max-width: 640px) 100vw, 640px\" data-recalc-dims=\"1\" \/><figcaption class=\"wp-element-caption\">Le ma\u00eetre Autel de l\u2019abside <\/figcaption><\/figure>\n\n\n\n<p>Sous le ma\u00eetre autel, deux anges entourent l\u2019agneau Pascal, le Christ sauveur qui donne sa vie dans l\u2019Eucharistie. <\/p>\n\n\n\n<figure class=\"wp-block-image size-large\"><img loading=\"lazy\" decoding=\"async\" width=\"640\" height=\"480\" src=\"https:\/\/i0.wp.com\/vaast.armentierois.fr\/wp-content\/uploads\/2023\/09\/712f7786-6a0c-41f5-9613-8c0c25fbc76f-4064-00000313b20f2de2_file.jpg?resize=640%2C480&#038;ssl=1\" alt=\"\" class=\"wp-image-1810\" srcset=\"https:\/\/i0.wp.com\/vaast.armentierois.fr\/wp-content\/uploads\/2023\/09\/712f7786-6a0c-41f5-9613-8c0c25fbc76f-4064-00000313b20f2de2_file-scaled.jpg?resize=1024%2C768&amp;ssl=1 1024w, https:\/\/i0.wp.com\/vaast.armentierois.fr\/wp-content\/uploads\/2023\/09\/712f7786-6a0c-41f5-9613-8c0c25fbc76f-4064-00000313b20f2de2_file-scaled.jpg?resize=300%2C225&amp;ssl=1 300w, https:\/\/i0.wp.com\/vaast.armentierois.fr\/wp-content\/uploads\/2023\/09\/712f7786-6a0c-41f5-9613-8c0c25fbc76f-4064-00000313b20f2de2_file-scaled.jpg?resize=768%2C576&amp;ssl=1 768w, https:\/\/i0.wp.com\/vaast.armentierois.fr\/wp-content\/uploads\/2023\/09\/712f7786-6a0c-41f5-9613-8c0c25fbc76f-4064-00000313b20f2de2_file-scaled.jpg?resize=1536%2C1152&amp;ssl=1 1536w, https:\/\/i0.wp.com\/vaast.armentierois.fr\/wp-content\/uploads\/2023\/09\/712f7786-6a0c-41f5-9613-8c0c25fbc76f-4064-00000313b20f2de2_file-scaled.jpg?resize=2048%2C1536&amp;ssl=1 2048w, https:\/\/i0.wp.com\/vaast.armentierois.fr\/wp-content\/uploads\/2023\/09\/712f7786-6a0c-41f5-9613-8c0c25fbc76f-4064-00000313b20f2de2_file-scaled.jpg?w=1280&amp;ssl=1 1280w, https:\/\/i0.wp.com\/vaast.armentierois.fr\/wp-content\/uploads\/2023\/09\/712f7786-6a0c-41f5-9613-8c0c25fbc76f-4064-00000313b20f2de2_file-scaled.jpg?w=1920&amp;ssl=1 1920w\" sizes=\"auto, (max-width: 640px) 100vw, 640px\" data-recalc-dims=\"1\" \/><\/figure>\n\n\n\n<figure class=\"wp-block-image size-large\"><img loading=\"lazy\" decoding=\"async\" width=\"640\" height=\"853\" src=\"https:\/\/i0.wp.com\/vaast.armentierois.fr\/wp-content\/uploads\/2023\/09\/bafeba7a-e767-48d0-81f1-0533e530098e-4064-000003141718977d_file.jpg?resize=640%2C853&#038;ssl=1\" alt=\"\" class=\"wp-image-1811\" srcset=\"https:\/\/i0.wp.com\/vaast.armentierois.fr\/wp-content\/uploads\/2023\/09\/bafeba7a-e767-48d0-81f1-0533e530098e-4064-000003141718977d_file-scaled.jpg?resize=768%2C1024&amp;ssl=1 768w, https:\/\/i0.wp.com\/vaast.armentierois.fr\/wp-content\/uploads\/2023\/09\/bafeba7a-e767-48d0-81f1-0533e530098e-4064-000003141718977d_file-scaled.jpg?resize=225%2C300&amp;ssl=1 225w, https:\/\/i0.wp.com\/vaast.armentierois.fr\/wp-content\/uploads\/2023\/09\/bafeba7a-e767-48d0-81f1-0533e530098e-4064-000003141718977d_file-scaled.jpg?resize=1152%2C1536&amp;ssl=1 1152w, https:\/\/i0.wp.com\/vaast.armentierois.fr\/wp-content\/uploads\/2023\/09\/bafeba7a-e767-48d0-81f1-0533e530098e-4064-000003141718977d_file-scaled.jpg?resize=1536%2C2048&amp;ssl=1 1536w, https:\/\/i0.wp.com\/vaast.armentierois.fr\/wp-content\/uploads\/2023\/09\/bafeba7a-e767-48d0-81f1-0533e530098e-4064-000003141718977d_file-scaled.jpg?w=1920&amp;ssl=1 1920w, https:\/\/i0.wp.com\/vaast.armentierois.fr\/wp-content\/uploads\/2023\/09\/bafeba7a-e767-48d0-81f1-0533e530098e-4064-000003141718977d_file-scaled.jpg?w=1280&amp;ssl=1 1280w\" sizes=\"auto, (max-width: 640px) 100vw, 640px\" data-recalc-dims=\"1\" \/><\/figure>\n\n\n\n<p>Avant le concile Vatican II, le pr\u00eatre c\u00e9l\u00e9brait la messe au Ma\u00eetre Autel, dos au peuple, tourn\u00e9 vers le Seigneur. Le concile est venu mettre un Autel plus proche du peuple permettant au pr\u00eatre de c\u00e9l\u00e9brer face au peuple de Dieu signifiant que le Seigneur vient \u00e0 la rencontre de son peuple.<\/p>\n\n\n\n<p>Certaines \u00e9glises, souvent des chapelles, trop petites, n&#8217;ont pas permis l&#8217;installation d&#8217;un nouvel Autel conciliaire, et il arrive que le c\u00e9l\u00e9brant soit contraint de c\u00e9l\u00e9brer dos au peuple.<\/p>\n\n\n\n<figure class=\"wp-block-image size-large\"><img loading=\"lazy\" decoding=\"async\" width=\"640\" height=\"480\" src=\"https:\/\/i0.wp.com\/vaast.armentierois.fr\/wp-content\/uploads\/2023\/09\/ff403cac-aea2-4821-b875-c47fb3932bbc-4064-000003144772442d_file.jpg?resize=640%2C480&#038;ssl=1\" alt=\"\" class=\"wp-image-1812\" srcset=\"https:\/\/i0.wp.com\/vaast.armentierois.fr\/wp-content\/uploads\/2023\/09\/ff403cac-aea2-4821-b875-c47fb3932bbc-4064-000003144772442d_file-scaled.jpg?resize=1024%2C768&amp;ssl=1 1024w, https:\/\/i0.wp.com\/vaast.armentierois.fr\/wp-content\/uploads\/2023\/09\/ff403cac-aea2-4821-b875-c47fb3932bbc-4064-000003144772442d_file-scaled.jpg?resize=300%2C225&amp;ssl=1 300w, https:\/\/i0.wp.com\/vaast.armentierois.fr\/wp-content\/uploads\/2023\/09\/ff403cac-aea2-4821-b875-c47fb3932bbc-4064-000003144772442d_file-scaled.jpg?resize=768%2C576&amp;ssl=1 768w, https:\/\/i0.wp.com\/vaast.armentierois.fr\/wp-content\/uploads\/2023\/09\/ff403cac-aea2-4821-b875-c47fb3932bbc-4064-000003144772442d_file-scaled.jpg?resize=1536%2C1152&amp;ssl=1 1536w, https:\/\/i0.wp.com\/vaast.armentierois.fr\/wp-content\/uploads\/2023\/09\/ff403cac-aea2-4821-b875-c47fb3932bbc-4064-000003144772442d_file-scaled.jpg?resize=2048%2C1536&amp;ssl=1 2048w, https:\/\/i0.wp.com\/vaast.armentierois.fr\/wp-content\/uploads\/2023\/09\/ff403cac-aea2-4821-b875-c47fb3932bbc-4064-000003144772442d_file-scaled.jpg?w=1280&amp;ssl=1 1280w, https:\/\/i0.wp.com\/vaast.armentierois.fr\/wp-content\/uploads\/2023\/09\/ff403cac-aea2-4821-b875-c47fb3932bbc-4064-000003144772442d_file-scaled.jpg?w=1920&amp;ssl=1 1920w\" sizes=\"auto, (max-width: 640px) 100vw, 640px\" data-recalc-dims=\"1\" \/><\/figure>\n\n\n\n<figure class=\"wp-block-image size-large\"><img loading=\"lazy\" decoding=\"async\" width=\"640\" height=\"480\" src=\"https:\/\/i0.wp.com\/vaast.armentierois.fr\/wp-content\/uploads\/2023\/09\/3f277358-96fe-43bc-9e52-ffd66f2438b2-4064-000003147aa482d8_file.jpg?resize=640%2C480&#038;ssl=1\" alt=\"\" class=\"wp-image-1813\" srcset=\"https:\/\/i0.wp.com\/vaast.armentierois.fr\/wp-content\/uploads\/2023\/09\/3f277358-96fe-43bc-9e52-ffd66f2438b2-4064-000003147aa482d8_file-scaled.jpg?resize=1024%2C768&amp;ssl=1 1024w, https:\/\/i0.wp.com\/vaast.armentierois.fr\/wp-content\/uploads\/2023\/09\/3f277358-96fe-43bc-9e52-ffd66f2438b2-4064-000003147aa482d8_file-scaled.jpg?resize=300%2C225&amp;ssl=1 300w, https:\/\/i0.wp.com\/vaast.armentierois.fr\/wp-content\/uploads\/2023\/09\/3f277358-96fe-43bc-9e52-ffd66f2438b2-4064-000003147aa482d8_file-scaled.jpg?resize=768%2C576&amp;ssl=1 768w, https:\/\/i0.wp.com\/vaast.armentierois.fr\/wp-content\/uploads\/2023\/09\/3f277358-96fe-43bc-9e52-ffd66f2438b2-4064-000003147aa482d8_file-scaled.jpg?resize=1536%2C1152&amp;ssl=1 1536w, https:\/\/i0.wp.com\/vaast.armentierois.fr\/wp-content\/uploads\/2023\/09\/3f277358-96fe-43bc-9e52-ffd66f2438b2-4064-000003147aa482d8_file-scaled.jpg?resize=2048%2C1536&amp;ssl=1 2048w, https:\/\/i0.wp.com\/vaast.armentierois.fr\/wp-content\/uploads\/2023\/09\/3f277358-96fe-43bc-9e52-ffd66f2438b2-4064-000003147aa482d8_file-scaled.jpg?w=1280&amp;ssl=1 1280w, https:\/\/i0.wp.com\/vaast.armentierois.fr\/wp-content\/uploads\/2023\/09\/3f277358-96fe-43bc-9e52-ffd66f2438b2-4064-000003147aa482d8_file-scaled.jpg?w=1920&amp;ssl=1 1920w\" sizes=\"auto, (max-width: 640px) 100vw, 640px\" data-recalc-dims=\"1\" \/><\/figure>\n\n\n\n<figure class=\"wp-block-image size-large\"><img loading=\"lazy\" decoding=\"async\" width=\"640\" height=\"853\" src=\"https:\/\/i0.wp.com\/vaast.armentierois.fr\/wp-content\/uploads\/2023\/09\/5b4333e7-4b0e-4730-a9c4-b9e1054412ae-4064-00000314b571e667_file.jpg?resize=640%2C853&#038;ssl=1\" alt=\"\" class=\"wp-image-1814\" srcset=\"https:\/\/i0.wp.com\/vaast.armentierois.fr\/wp-content\/uploads\/2023\/09\/5b4333e7-4b0e-4730-a9c4-b9e1054412ae-4064-00000314b571e667_file-scaled.jpg?resize=768%2C1024&amp;ssl=1 768w, https:\/\/i0.wp.com\/vaast.armentierois.fr\/wp-content\/uploads\/2023\/09\/5b4333e7-4b0e-4730-a9c4-b9e1054412ae-4064-00000314b571e667_file-scaled.jpg?resize=225%2C300&amp;ssl=1 225w, https:\/\/i0.wp.com\/vaast.armentierois.fr\/wp-content\/uploads\/2023\/09\/5b4333e7-4b0e-4730-a9c4-b9e1054412ae-4064-00000314b571e667_file-scaled.jpg?resize=1152%2C1536&amp;ssl=1 1152w, https:\/\/i0.wp.com\/vaast.armentierois.fr\/wp-content\/uploads\/2023\/09\/5b4333e7-4b0e-4730-a9c4-b9e1054412ae-4064-00000314b571e667_file-scaled.jpg?resize=1536%2C2048&amp;ssl=1 1536w, https:\/\/i0.wp.com\/vaast.armentierois.fr\/wp-content\/uploads\/2023\/09\/5b4333e7-4b0e-4730-a9c4-b9e1054412ae-4064-00000314b571e667_file-scaled.jpg?w=1920&amp;ssl=1 1920w, https:\/\/i0.wp.com\/vaast.armentierois.fr\/wp-content\/uploads\/2023\/09\/5b4333e7-4b0e-4730-a9c4-b9e1054412ae-4064-00000314b571e667_file-scaled.jpg?w=1280&amp;ssl=1 1280w\" sizes=\"auto, (max-width: 640px) 100vw, 640px\" data-recalc-dims=\"1\" \/><\/figure>\n\n\n\n<p>Le ma\u00eetre autel de l\u2019\u00e9glise <\/p>\n\n\n\n<figure class=\"wp-block-image size-large\"><img loading=\"lazy\" decoding=\"async\" width=\"640\" height=\"853\" src=\"https:\/\/i0.wp.com\/vaast.armentierois.fr\/wp-content\/uploads\/2023\/09\/751d59ba-65ae-4e6e-8485-ea27077bfb07-5624-0000034366dd0624_file.jpg?resize=640%2C853&#038;ssl=1\" alt=\"\" class=\"wp-image-1897\" srcset=\"https:\/\/i0.wp.com\/vaast.armentierois.fr\/wp-content\/uploads\/2023\/09\/751d59ba-65ae-4e6e-8485-ea27077bfb07-5624-0000034366dd0624_file-scaled.jpg?resize=768%2C1024&amp;ssl=1 768w, https:\/\/i0.wp.com\/vaast.armentierois.fr\/wp-content\/uploads\/2023\/09\/751d59ba-65ae-4e6e-8485-ea27077bfb07-5624-0000034366dd0624_file-scaled.jpg?resize=225%2C300&amp;ssl=1 225w, https:\/\/i0.wp.com\/vaast.armentierois.fr\/wp-content\/uploads\/2023\/09\/751d59ba-65ae-4e6e-8485-ea27077bfb07-5624-0000034366dd0624_file-scaled.jpg?resize=1152%2C1536&amp;ssl=1 1152w, https:\/\/i0.wp.com\/vaast.armentierois.fr\/wp-content\/uploads\/2023\/09\/751d59ba-65ae-4e6e-8485-ea27077bfb07-5624-0000034366dd0624_file-scaled.jpg?resize=1536%2C2048&amp;ssl=1 1536w, https:\/\/i0.wp.com\/vaast.armentierois.fr\/wp-content\/uploads\/2023\/09\/751d59ba-65ae-4e6e-8485-ea27077bfb07-5624-0000034366dd0624_file-scaled.jpg?w=1920&amp;ssl=1 1920w, https:\/\/i0.wp.com\/vaast.armentierois.fr\/wp-content\/uploads\/2023\/09\/751d59ba-65ae-4e6e-8485-ea27077bfb07-5624-0000034366dd0624_file-scaled.jpg?w=1280&amp;ssl=1 1280w\" sizes=\"auto, (max-width: 640px) 100vw, 640px\" data-recalc-dims=\"1\" \/><\/figure>\n\n\n\n<figure class=\"wp-block-image size-large\"><img loading=\"lazy\" decoding=\"async\" width=\"640\" height=\"480\" src=\"https:\/\/i0.wp.com\/vaast.armentierois.fr\/wp-content\/uploads\/2023\/09\/813816ce-2c8f-4cd9-ac73-d848ca48b755-5624-0000034397a9d2fb_file.jpg?resize=640%2C480&#038;ssl=1\" alt=\"\" class=\"wp-image-1898\" srcset=\"https:\/\/i0.wp.com\/vaast.armentierois.fr\/wp-content\/uploads\/2023\/09\/813816ce-2c8f-4cd9-ac73-d848ca48b755-5624-0000034397a9d2fb_file-scaled.jpg?resize=1024%2C768&amp;ssl=1 1024w, https:\/\/i0.wp.com\/vaast.armentierois.fr\/wp-content\/uploads\/2023\/09\/813816ce-2c8f-4cd9-ac73-d848ca48b755-5624-0000034397a9d2fb_file-scaled.jpg?resize=300%2C225&amp;ssl=1 300w, https:\/\/i0.wp.com\/vaast.armentierois.fr\/wp-content\/uploads\/2023\/09\/813816ce-2c8f-4cd9-ac73-d848ca48b755-5624-0000034397a9d2fb_file-scaled.jpg?resize=768%2C576&amp;ssl=1 768w, https:\/\/i0.wp.com\/vaast.armentierois.fr\/wp-content\/uploads\/2023\/09\/813816ce-2c8f-4cd9-ac73-d848ca48b755-5624-0000034397a9d2fb_file-scaled.jpg?resize=1536%2C1152&amp;ssl=1 1536w, https:\/\/i0.wp.com\/vaast.armentierois.fr\/wp-content\/uploads\/2023\/09\/813816ce-2c8f-4cd9-ac73-d848ca48b755-5624-0000034397a9d2fb_file-scaled.jpg?resize=2048%2C1536&amp;ssl=1 2048w, https:\/\/i0.wp.com\/vaast.armentierois.fr\/wp-content\/uploads\/2023\/09\/813816ce-2c8f-4cd9-ac73-d848ca48b755-5624-0000034397a9d2fb_file-scaled.jpg?w=1280&amp;ssl=1 1280w, https:\/\/i0.wp.com\/vaast.armentierois.fr\/wp-content\/uploads\/2023\/09\/813816ce-2c8f-4cd9-ac73-d848ca48b755-5624-0000034397a9d2fb_file-scaled.jpg?w=1920&amp;ssl=1 1920w\" sizes=\"auto, (max-width: 640px) 100vw, 640px\" data-recalc-dims=\"1\" \/><\/figure>\n\n\n\n<figure class=\"wp-block-image size-large\"><img loading=\"lazy\" decoding=\"async\" width=\"640\" height=\"480\" src=\"https:\/\/i0.wp.com\/vaast.armentierois.fr\/wp-content\/uploads\/2023\/09\/1fd4ac1f-34e1-4636-9d43-0f03cf01b642-5624-00000343bc2056c4_file.jpg?resize=640%2C480&#038;ssl=1\" alt=\"\" class=\"wp-image-1899\" srcset=\"https:\/\/i0.wp.com\/vaast.armentierois.fr\/wp-content\/uploads\/2023\/09\/1fd4ac1f-34e1-4636-9d43-0f03cf01b642-5624-00000343bc2056c4_file-scaled.jpg?resize=1024%2C768&amp;ssl=1 1024w, https:\/\/i0.wp.com\/vaast.armentierois.fr\/wp-content\/uploads\/2023\/09\/1fd4ac1f-34e1-4636-9d43-0f03cf01b642-5624-00000343bc2056c4_file-scaled.jpg?resize=300%2C225&amp;ssl=1 300w, https:\/\/i0.wp.com\/vaast.armentierois.fr\/wp-content\/uploads\/2023\/09\/1fd4ac1f-34e1-4636-9d43-0f03cf01b642-5624-00000343bc2056c4_file-scaled.jpg?resize=768%2C576&amp;ssl=1 768w, https:\/\/i0.wp.com\/vaast.armentierois.fr\/wp-content\/uploads\/2023\/09\/1fd4ac1f-34e1-4636-9d43-0f03cf01b642-5624-00000343bc2056c4_file-scaled.jpg?resize=1536%2C1152&amp;ssl=1 1536w, https:\/\/i0.wp.com\/vaast.armentierois.fr\/wp-content\/uploads\/2023\/09\/1fd4ac1f-34e1-4636-9d43-0f03cf01b642-5624-00000343bc2056c4_file-scaled.jpg?resize=2048%2C1536&amp;ssl=1 2048w, https:\/\/i0.wp.com\/vaast.armentierois.fr\/wp-content\/uploads\/2023\/09\/1fd4ac1f-34e1-4636-9d43-0f03cf01b642-5624-00000343bc2056c4_file-scaled.jpg?w=1280&amp;ssl=1 1280w, https:\/\/i0.wp.com\/vaast.armentierois.fr\/wp-content\/uploads\/2023\/09\/1fd4ac1f-34e1-4636-9d43-0f03cf01b642-5624-00000343bc2056c4_file-scaled.jpg?w=1920&amp;ssl=1 1920w\" sizes=\"auto, (max-width: 640px) 100vw, 640px\" data-recalc-dims=\"1\" \/><\/figure>\n\n\n\n<figure class=\"wp-block-image size-large\"><img loading=\"lazy\" decoding=\"async\" width=\"640\" height=\"480\" src=\"https:\/\/i0.wp.com\/vaast.armentierois.fr\/wp-content\/uploads\/2023\/09\/885437c7-5fda-44ac-b9f0-b3e8a4012014-5624-00000343d5e40606_file.jpg?resize=640%2C480&#038;ssl=1\" alt=\"\" class=\"wp-image-1900\" srcset=\"https:\/\/i0.wp.com\/vaast.armentierois.fr\/wp-content\/uploads\/2023\/09\/885437c7-5fda-44ac-b9f0-b3e8a4012014-5624-00000343d5e40606_file-scaled.jpg?resize=1024%2C768&amp;ssl=1 1024w, https:\/\/i0.wp.com\/vaast.armentierois.fr\/wp-content\/uploads\/2023\/09\/885437c7-5fda-44ac-b9f0-b3e8a4012014-5624-00000343d5e40606_file-scaled.jpg?resize=300%2C225&amp;ssl=1 300w, https:\/\/i0.wp.com\/vaast.armentierois.fr\/wp-content\/uploads\/2023\/09\/885437c7-5fda-44ac-b9f0-b3e8a4012014-5624-00000343d5e40606_file-scaled.jpg?resize=768%2C576&amp;ssl=1 768w, https:\/\/i0.wp.com\/vaast.armentierois.fr\/wp-content\/uploads\/2023\/09\/885437c7-5fda-44ac-b9f0-b3e8a4012014-5624-00000343d5e40606_file-scaled.jpg?resize=1536%2C1152&amp;ssl=1 1536w, https:\/\/i0.wp.com\/vaast.armentierois.fr\/wp-content\/uploads\/2023\/09\/885437c7-5fda-44ac-b9f0-b3e8a4012014-5624-00000343d5e40606_file-scaled.jpg?resize=2048%2C1536&amp;ssl=1 2048w, https:\/\/i0.wp.com\/vaast.armentierois.fr\/wp-content\/uploads\/2023\/09\/885437c7-5fda-44ac-b9f0-b3e8a4012014-5624-00000343d5e40606_file-scaled.jpg?w=1280&amp;ssl=1 1280w, https:\/\/i0.wp.com\/vaast.armentierois.fr\/wp-content\/uploads\/2023\/09\/885437c7-5fda-44ac-b9f0-b3e8a4012014-5624-00000343d5e40606_file-scaled.jpg?w=1920&amp;ssl=1 1920w\" sizes=\"auto, (max-width: 640px) 100vw, 640px\" data-recalc-dims=\"1\" \/><\/figure>\n\n\n\n<figure class=\"wp-block-image size-large\"><img loading=\"lazy\" decoding=\"async\" width=\"640\" height=\"853\" src=\"https:\/\/i0.wp.com\/vaast.armentierois.fr\/wp-content\/uploads\/2023\/09\/37aa5b06-73e4-45e7-8f32-ee9ef17b6a5b-5624-00000343f93722ce_file.jpg?resize=640%2C853&#038;ssl=1\" alt=\"\" class=\"wp-image-1901\" srcset=\"https:\/\/i0.wp.com\/vaast.armentierois.fr\/wp-content\/uploads\/2023\/09\/37aa5b06-73e4-45e7-8f32-ee9ef17b6a5b-5624-00000343f93722ce_file-scaled.jpg?resize=768%2C1024&amp;ssl=1 768w, https:\/\/i0.wp.com\/vaast.armentierois.fr\/wp-content\/uploads\/2023\/09\/37aa5b06-73e4-45e7-8f32-ee9ef17b6a5b-5624-00000343f93722ce_file-scaled.jpg?resize=225%2C300&amp;ssl=1 225w, https:\/\/i0.wp.com\/vaast.armentierois.fr\/wp-content\/uploads\/2023\/09\/37aa5b06-73e4-45e7-8f32-ee9ef17b6a5b-5624-00000343f93722ce_file-scaled.jpg?resize=1152%2C1536&amp;ssl=1 1152w, https:\/\/i0.wp.com\/vaast.armentierois.fr\/wp-content\/uploads\/2023\/09\/37aa5b06-73e4-45e7-8f32-ee9ef17b6a5b-5624-00000343f93722ce_file-scaled.jpg?resize=1536%2C2048&amp;ssl=1 1536w, https:\/\/i0.wp.com\/vaast.armentierois.fr\/wp-content\/uploads\/2023\/09\/37aa5b06-73e4-45e7-8f32-ee9ef17b6a5b-5624-00000343f93722ce_file-scaled.jpg?w=1920&amp;ssl=1 1920w, https:\/\/i0.wp.com\/vaast.armentierois.fr\/wp-content\/uploads\/2023\/09\/37aa5b06-73e4-45e7-8f32-ee9ef17b6a5b-5624-00000343f93722ce_file-scaled.jpg?w=1280&amp;ssl=1 1280w\" sizes=\"auto, (max-width: 640px) 100vw, 640px\" data-recalc-dims=\"1\" \/><\/figure>\n\n\n\n<figure class=\"wp-block-image size-large\"><img loading=\"lazy\" decoding=\"async\" width=\"640\" height=\"853\" src=\"https:\/\/i0.wp.com\/vaast.armentierois.fr\/wp-content\/uploads\/2023\/09\/b7bee06d-96bd-44fa-a5ee-45529759f76a-5624-0000034418e07c1a_file.jpg?resize=640%2C853&#038;ssl=1\" alt=\"\" class=\"wp-image-1902\" srcset=\"https:\/\/i0.wp.com\/vaast.armentierois.fr\/wp-content\/uploads\/2023\/09\/b7bee06d-96bd-44fa-a5ee-45529759f76a-5624-0000034418e07c1a_file-scaled.jpg?resize=768%2C1024&amp;ssl=1 768w, https:\/\/i0.wp.com\/vaast.armentierois.fr\/wp-content\/uploads\/2023\/09\/b7bee06d-96bd-44fa-a5ee-45529759f76a-5624-0000034418e07c1a_file-scaled.jpg?resize=225%2C300&amp;ssl=1 225w, https:\/\/i0.wp.com\/vaast.armentierois.fr\/wp-content\/uploads\/2023\/09\/b7bee06d-96bd-44fa-a5ee-45529759f76a-5624-0000034418e07c1a_file-scaled.jpg?resize=1152%2C1536&amp;ssl=1 1152w, https:\/\/i0.wp.com\/vaast.armentierois.fr\/wp-content\/uploads\/2023\/09\/b7bee06d-96bd-44fa-a5ee-45529759f76a-5624-0000034418e07c1a_file-scaled.jpg?resize=1536%2C2048&amp;ssl=1 1536w, https:\/\/i0.wp.com\/vaast.armentierois.fr\/wp-content\/uploads\/2023\/09\/b7bee06d-96bd-44fa-a5ee-45529759f76a-5624-0000034418e07c1a_file-scaled.jpg?w=1920&amp;ssl=1 1920w, https:\/\/i0.wp.com\/vaast.armentierois.fr\/wp-content\/uploads\/2023\/09\/b7bee06d-96bd-44fa-a5ee-45529759f76a-5624-0000034418e07c1a_file-scaled.jpg?w=1280&amp;ssl=1 1280w\" sizes=\"auto, (max-width: 640px) 100vw, 640px\" data-recalc-dims=\"1\" \/><\/figure>\n\n\n\n<figure class=\"wp-block-image size-large\"><img loading=\"lazy\" decoding=\"async\" width=\"640\" height=\"853\" src=\"https:\/\/i0.wp.com\/vaast.armentierois.fr\/wp-content\/uploads\/2023\/09\/f1a10551-44bc-4649-878c-a262a5dd11de-5624-0000034431d86568_file.jpg?resize=640%2C853&#038;ssl=1\" alt=\"\" class=\"wp-image-1903\" srcset=\"https:\/\/i0.wp.com\/vaast.armentierois.fr\/wp-content\/uploads\/2023\/09\/f1a10551-44bc-4649-878c-a262a5dd11de-5624-0000034431d86568_file-scaled.jpg?resize=768%2C1024&amp;ssl=1 768w, https:\/\/i0.wp.com\/vaast.armentierois.fr\/wp-content\/uploads\/2023\/09\/f1a10551-44bc-4649-878c-a262a5dd11de-5624-0000034431d86568_file-scaled.jpg?resize=225%2C300&amp;ssl=1 225w, https:\/\/i0.wp.com\/vaast.armentierois.fr\/wp-content\/uploads\/2023\/09\/f1a10551-44bc-4649-878c-a262a5dd11de-5624-0000034431d86568_file-scaled.jpg?resize=1152%2C1536&amp;ssl=1 1152w, https:\/\/i0.wp.com\/vaast.armentierois.fr\/wp-content\/uploads\/2023\/09\/f1a10551-44bc-4649-878c-a262a5dd11de-5624-0000034431d86568_file-scaled.jpg?resize=1536%2C2048&amp;ssl=1 1536w, https:\/\/i0.wp.com\/vaast.armentierois.fr\/wp-content\/uploads\/2023\/09\/f1a10551-44bc-4649-878c-a262a5dd11de-5624-0000034431d86568_file-scaled.jpg?w=1920&amp;ssl=1 1920w, https:\/\/i0.wp.com\/vaast.armentierois.fr\/wp-content\/uploads\/2023\/09\/f1a10551-44bc-4649-878c-a262a5dd11de-5624-0000034431d86568_file-scaled.jpg?w=1280&amp;ssl=1 1280w\" sizes=\"auto, (max-width: 640px) 100vw, 640px\" data-recalc-dims=\"1\" \/><\/figure>\n","protected":false},"excerpt":{"rendered":"<p>Sous le ma\u00eetre autel, deux anges entourent l\u2019agneau Pascal, le Christ sauveur qui donne sa vie dans l\u2019Eucharistie. Avant le &hellip; <\/p>\n","protected":false},"author":1,"featured_media":1808,"parent":0,"menu_order":0,"comment_status":"closed","ping_status":"closed","template":"","meta":{"footnotes":""},"class_list":["post-102","page","type-page","status-publish","has-post-thumbnail","hentry"],"_links":{"self":[{"href":"https:\/\/vaast.armentierois.fr\/index.php?rest_route=\/wp\/v2\/pages\/102","targetHints":{"allow":["GET"]}}],"collection":[{"href":"https:\/\/vaast.armentierois.fr\/index.php?rest_route=\/wp\/v2\/pages"}],"about":[{"href":"https:\/\/vaast.armentierois.fr\/index.php?rest_route=\/wp\/v2\/types\/page"}],"author":[{"embeddable":true,"href":"https:\/\/vaast.armentierois.fr\/index.php?rest_route=\/wp\/v2\/users\/1"}],"replies":[{"embeddable":true,"href":"https:\/\/vaast.armentierois.fr\/index.php?rest_route=%2Fwp%2Fv2%2Fcomments&post=102"}],"version-history":[{"count":5,"href":"https:\/\/vaast.armentierois.fr\/index.php?rest_route=\/wp\/v2\/pages\/102\/revisions"}],"predecessor-version":[{"id":1905,"href":"https:\/\/vaast.armentierois.fr\/index.php?rest_route=\/wp\/v2\/pages\/102\/revisions\/1905"}],"wp:featuredmedia":[{"embeddable":true,"href":"https:\/\/vaast.armentierois.fr\/index.php?rest_route=\/wp\/v2\/media\/1808"}],"wp:attachment":[{"href":"https:\/\/vaast.armentierois.fr\/index.php?rest_route=%2Fwp%2Fv2%2Fmedia&parent=102"}],"curies":[{"name":"wp","href":"https:\/\/api.w.org\/{rel}","templated":true}]}}