{"id":189,"date":"2023-07-16T18:10:38","date_gmt":"2023-07-16T16:10:38","guid":{"rendered":"http:\/\/www.nds.armentierois.fr\/?page_id=189"},"modified":"2023-07-16T18:10:38","modified_gmt":"2023-07-16T16:10:38","slug":"croix-2","status":"publish","type":"page","link":"https:\/\/vaast.armentierois.fr\/?page_id=189","title":{"rendered":"Croix"},"content":{"rendered":"\n<p>Sur le sommet de toutes les \u00e9glises, on voit appara\u00eetre une croix. C&#8217;est le signe des chr\u00e9tiens, c&#8217;est le geste que l&#8217;on re\u00e7oit sur notre front le jour de notre bapt\u00eame.<\/p>\n\n\n\n<p>Elle nous rappelle que J\u00e9sus est mort sur la croix. Il n&#8217;a pas fait semblant. Il ne subit pas la passion qu&#8217;on lui inflige mais il y entre, apr\u00e8s agonie et pri\u00e8re, dans la confiance celle de faire du don de sa vie une offrande pour notre Salut. Il accomplit non sa volont\u00e9 mais la volont\u00e9 du P\u00e8re. Il accepte de mourir pour nous. Il transforme pour nous la mort en un passage vers la vie. Il nous dit au c\u0153ur de sa passion &#8220;Ma vie, nul ne la prend, c&#8217;est moi qui la donne&#8221;. Il donne sa vie par amour pour nous.<\/p>\n\n\n\n<p>La croix \u00e9tait l&#8217;instrument de supplice sur lequel on attachait ou clouait les condamn\u00e9s \u00e0 mort. Pour les chr\u00e9tiens, la&nbsp;croix, en raison de la condamnation et de la mort de J\u00e9sus, devient le symbole du myst\u00e8re pascal et le signe de salut pour l\u2019humanit\u00e9. Elle r\u00e9v\u00e8le l\u2019amour infini de Dieu dans le don salvifique du Christ mort et ressuscit\u00e9. Elle nous rappelle notre bapt\u00eame par lequel nous devenons enfants de Dieu.<\/p>\n\n\n\n<figure class=\"wp-block-image size-large\"><img decoding=\"async\" src=\"https:\/\/i0.wp.com\/martin.armentierois.fr\/wp-content\/uploads\/2023\/07\/IMG_20191121_103342-1-768x1024.jpg?resize=640%2C853\" alt=\"\" class=\"wp-image-428\" data-recalc-dims=\"1\"\/><\/figure>\n\n\n\n<p>Une croix orne le pignon de l&#8217;\u00e9glise face au clocheton et une seconde orne le pignon du porche.<\/p>\n\n\n\n<p>Trois autres croix sont appos\u00e9es sur chacun des murs de fa\u00e7ade. Elles rappellent que le Dieu des chr\u00e9tiens est Trinitaire, un seul Dieu en trois personnes : Dieu est P\u00e8re et Fils et Saint-Esprit.<\/p>\n","protected":false},"excerpt":{"rendered":"<p>Sur le sommet de toutes les \u00e9glises, on voit appara\u00eetre une croix. C&#8217;est le signe des chr\u00e9tiens, c&#8217;est le geste &hellip; <\/p>\n","protected":false},"author":1,"featured_media":0,"parent":0,"menu_order":0,"comment_status":"closed","ping_status":"closed","template":"","meta":{"footnotes":""},"class_list":["post-189","page","type-page","status-publish","hentry"],"_links":{"self":[{"href":"https:\/\/vaast.armentierois.fr\/index.php?rest_route=\/wp\/v2\/pages\/189","targetHints":{"allow":["GET"]}}],"collection":[{"href":"https:\/\/vaast.armentierois.fr\/index.php?rest_route=\/wp\/v2\/pages"}],"about":[{"href":"https:\/\/vaast.armentierois.fr\/index.php?rest_route=\/wp\/v2\/types\/page"}],"author":[{"embeddable":true,"href":"https:\/\/vaast.armentierois.fr\/index.php?rest_route=\/wp\/v2\/users\/1"}],"replies":[{"embeddable":true,"href":"https:\/\/vaast.armentierois.fr\/index.php?rest_route=%2Fwp%2Fv2%2Fcomments&post=189"}],"version-history":[{"count":0,"href":"https:\/\/vaast.armentierois.fr\/index.php?rest_route=\/wp\/v2\/pages\/189\/revisions"}],"wp:attachment":[{"href":"https:\/\/vaast.armentierois.fr\/index.php?rest_route=%2Fwp%2Fv2%2Fmedia&parent=189"}],"curies":[{"name":"wp","href":"https:\/\/api.w.org\/{rel}","templated":true}]}}