{"id":2039,"date":"2023-09-14T09:43:41","date_gmt":"2023-09-14T07:43:41","guid":{"rendered":"https:\/\/vaast.armentierois.fr\/?page_id=2039"},"modified":"2023-09-14T09:43:41","modified_gmt":"2023-09-14T07:43:41","slug":"autel-dedie-a-sainte-therese","status":"publish","type":"page","link":"https:\/\/vaast.armentierois.fr\/?page_id=2039","title":{"rendered":"Autel d\u00e9di\u00e9 \u00e0 Sainte Th\u00e9r\u00e8se"},"content":{"rendered":"\n<figure class=\"wp-block-image size-large\"><img loading=\"lazy\" decoding=\"async\" width=\"640\" height=\"480\" src=\"https:\/\/i0.wp.com\/vaast.armentierois.fr\/wp-content\/uploads\/2023\/09\/1e116dcd-e0d2-41f1-9a28-9c9b956b108b-713-000000bbcd011715_file.jpg?resize=640%2C480&#038;ssl=1\" class=\"wp-image-2033\" srcset=\"https:\/\/i0.wp.com\/vaast.armentierois.fr\/wp-content\/uploads\/2023\/09\/1e116dcd-e0d2-41f1-9a28-9c9b956b108b-713-000000bbcd011715_file-scaled.jpg?resize=1024%2C768&amp;ssl=1 1024w, https:\/\/i0.wp.com\/vaast.armentierois.fr\/wp-content\/uploads\/2023\/09\/1e116dcd-e0d2-41f1-9a28-9c9b956b108b-713-000000bbcd011715_file-scaled.jpg?resize=300%2C225&amp;ssl=1 300w, https:\/\/i0.wp.com\/vaast.armentierois.fr\/wp-content\/uploads\/2023\/09\/1e116dcd-e0d2-41f1-9a28-9c9b956b108b-713-000000bbcd011715_file-scaled.jpg?resize=768%2C576&amp;ssl=1 768w, https:\/\/i0.wp.com\/vaast.armentierois.fr\/wp-content\/uploads\/2023\/09\/1e116dcd-e0d2-41f1-9a28-9c9b956b108b-713-000000bbcd011715_file-scaled.jpg?resize=1536%2C1152&amp;ssl=1 1536w, https:\/\/i0.wp.com\/vaast.armentierois.fr\/wp-content\/uploads\/2023\/09\/1e116dcd-e0d2-41f1-9a28-9c9b956b108b-713-000000bbcd011715_file-scaled.jpg?resize=2048%2C1536&amp;ssl=1 2048w, https:\/\/i0.wp.com\/vaast.armentierois.fr\/wp-content\/uploads\/2023\/09\/1e116dcd-e0d2-41f1-9a28-9c9b956b108b-713-000000bbcd011715_file-scaled.jpg?w=1280&amp;ssl=1 1280w, https:\/\/i0.wp.com\/vaast.armentierois.fr\/wp-content\/uploads\/2023\/09\/1e116dcd-e0d2-41f1-9a28-9c9b956b108b-713-000000bbcd011715_file-scaled.jpg?w=1920&amp;ssl=1 1920w\" sizes=\"auto, (max-width: 640px) 100vw, 640px\" data-recalc-dims=\"1\" \/><\/figure>\n\n\n\n<figure class=\"wp-block-gallery has-nested-images columns-default is-cropped wp-block-gallery-1 is-layout-flex wp-block-gallery-is-layout-flex\">\n<figure class=\"wp-block-image size-large\"><img loading=\"lazy\" decoding=\"async\" width=\"640\" height=\"853\" data-id=\"2034\" src=\"https:\/\/i0.wp.com\/vaast.armentierois.fr\/wp-content\/uploads\/2023\/09\/80a8fdc4-c4db-4d38-90bd-381d42fd5c21-713-000000bc09e0fb12_file.jpg?resize=640%2C853&#038;ssl=1\" alt=\"\" class=\"wp-image-2034\" srcset=\"https:\/\/i0.wp.com\/vaast.armentierois.fr\/wp-content\/uploads\/2023\/09\/80a8fdc4-c4db-4d38-90bd-381d42fd5c21-713-000000bc09e0fb12_file-scaled.jpg?resize=768%2C1024&amp;ssl=1 768w, https:\/\/i0.wp.com\/vaast.armentierois.fr\/wp-content\/uploads\/2023\/09\/80a8fdc4-c4db-4d38-90bd-381d42fd5c21-713-000000bc09e0fb12_file-scaled.jpg?resize=225%2C300&amp;ssl=1 225w, https:\/\/i0.wp.com\/vaast.armentierois.fr\/wp-content\/uploads\/2023\/09\/80a8fdc4-c4db-4d38-90bd-381d42fd5c21-713-000000bc09e0fb12_file-scaled.jpg?resize=1152%2C1536&amp;ssl=1 1152w, https:\/\/i0.wp.com\/vaast.armentierois.fr\/wp-content\/uploads\/2023\/09\/80a8fdc4-c4db-4d38-90bd-381d42fd5c21-713-000000bc09e0fb12_file-scaled.jpg?resize=1536%2C2048&amp;ssl=1 1536w, https:\/\/i0.wp.com\/vaast.armentierois.fr\/wp-content\/uploads\/2023\/09\/80a8fdc4-c4db-4d38-90bd-381d42fd5c21-713-000000bc09e0fb12_file-scaled.jpg?w=1920&amp;ssl=1 1920w, https:\/\/i0.wp.com\/vaast.armentierois.fr\/wp-content\/uploads\/2023\/09\/80a8fdc4-c4db-4d38-90bd-381d42fd5c21-713-000000bc09e0fb12_file-scaled.jpg?w=1280&amp;ssl=1 1280w\" sizes=\"auto, (max-width: 640px) 100vw, 640px\" data-recalc-dims=\"1\" \/><\/figure>\n\n\n\n<figure class=\"wp-block-image size-large\"><img loading=\"lazy\" decoding=\"async\" width=\"640\" height=\"480\" data-id=\"2035\" src=\"https:\/\/i0.wp.com\/vaast.armentierois.fr\/wp-content\/uploads\/2023\/09\/f0fc05f2-75a5-42b3-a514-d18cdf7a4c5c-713-000000bc3f5009ca_file.jpg?resize=640%2C480&#038;ssl=1\" alt=\"\" class=\"wp-image-2035\" srcset=\"https:\/\/i0.wp.com\/vaast.armentierois.fr\/wp-content\/uploads\/2023\/09\/f0fc05f2-75a5-42b3-a514-d18cdf7a4c5c-713-000000bc3f5009ca_file-scaled.jpg?resize=1024%2C768&amp;ssl=1 1024w, https:\/\/i0.wp.com\/vaast.armentierois.fr\/wp-content\/uploads\/2023\/09\/f0fc05f2-75a5-42b3-a514-d18cdf7a4c5c-713-000000bc3f5009ca_file-scaled.jpg?resize=300%2C225&amp;ssl=1 300w, https:\/\/i0.wp.com\/vaast.armentierois.fr\/wp-content\/uploads\/2023\/09\/f0fc05f2-75a5-42b3-a514-d18cdf7a4c5c-713-000000bc3f5009ca_file-scaled.jpg?resize=768%2C576&amp;ssl=1 768w, https:\/\/i0.wp.com\/vaast.armentierois.fr\/wp-content\/uploads\/2023\/09\/f0fc05f2-75a5-42b3-a514-d18cdf7a4c5c-713-000000bc3f5009ca_file-scaled.jpg?resize=1536%2C1152&amp;ssl=1 1536w, https:\/\/i0.wp.com\/vaast.armentierois.fr\/wp-content\/uploads\/2023\/09\/f0fc05f2-75a5-42b3-a514-d18cdf7a4c5c-713-000000bc3f5009ca_file-scaled.jpg?resize=2048%2C1536&amp;ssl=1 2048w, https:\/\/i0.wp.com\/vaast.armentierois.fr\/wp-content\/uploads\/2023\/09\/f0fc05f2-75a5-42b3-a514-d18cdf7a4c5c-713-000000bc3f5009ca_file-scaled.jpg?w=1280&amp;ssl=1 1280w, https:\/\/i0.wp.com\/vaast.armentierois.fr\/wp-content\/uploads\/2023\/09\/f0fc05f2-75a5-42b3-a514-d18cdf7a4c5c-713-000000bc3f5009ca_file-scaled.jpg?w=1920&amp;ssl=1 1920w\" sizes=\"auto, (max-width: 640px) 100vw, 640px\" data-recalc-dims=\"1\" \/><\/figure>\n\n\n\n<figure class=\"wp-block-image size-large\"><img loading=\"lazy\" decoding=\"async\" width=\"640\" height=\"853\" data-id=\"2036\" src=\"https:\/\/i0.wp.com\/vaast.armentierois.fr\/wp-content\/uploads\/2023\/09\/aff31bc7-9c51-403e-bb30-d466c394fcd8-713-000000bc6ee26b4c_file.jpg?resize=640%2C853&#038;ssl=1\" alt=\"\" class=\"wp-image-2036\" srcset=\"https:\/\/i0.wp.com\/vaast.armentierois.fr\/wp-content\/uploads\/2023\/09\/aff31bc7-9c51-403e-bb30-d466c394fcd8-713-000000bc6ee26b4c_file-scaled.jpg?resize=768%2C1024&amp;ssl=1 768w, https:\/\/i0.wp.com\/vaast.armentierois.fr\/wp-content\/uploads\/2023\/09\/aff31bc7-9c51-403e-bb30-d466c394fcd8-713-000000bc6ee26b4c_file-scaled.jpg?resize=225%2C300&amp;ssl=1 225w, https:\/\/i0.wp.com\/vaast.armentierois.fr\/wp-content\/uploads\/2023\/09\/aff31bc7-9c51-403e-bb30-d466c394fcd8-713-000000bc6ee26b4c_file-scaled.jpg?resize=1152%2C1536&amp;ssl=1 1152w, https:\/\/i0.wp.com\/vaast.armentierois.fr\/wp-content\/uploads\/2023\/09\/aff31bc7-9c51-403e-bb30-d466c394fcd8-713-000000bc6ee26b4c_file-scaled.jpg?resize=1536%2C2048&amp;ssl=1 1536w, https:\/\/i0.wp.com\/vaast.armentierois.fr\/wp-content\/uploads\/2023\/09\/aff31bc7-9c51-403e-bb30-d466c394fcd8-713-000000bc6ee26b4c_file-scaled.jpg?w=1920&amp;ssl=1 1920w, https:\/\/i0.wp.com\/vaast.armentierois.fr\/wp-content\/uploads\/2023\/09\/aff31bc7-9c51-403e-bb30-d466c394fcd8-713-000000bc6ee26b4c_file-scaled.jpg?w=1280&amp;ssl=1 1280w\" sizes=\"auto, (max-width: 640px) 100vw, 640px\" data-recalc-dims=\"1\" \/><\/figure>\n\n\n\n<figure class=\"wp-block-image size-large\"><img loading=\"lazy\" decoding=\"async\" width=\"640\" height=\"480\" data-id=\"2037\" src=\"https:\/\/i0.wp.com\/vaast.armentierois.fr\/wp-content\/uploads\/2023\/09\/a2af3591-020b-4c19-b3fd-b1411288616f-713-000000bc9f9c9204_file.jpg?resize=640%2C480&#038;ssl=1\" alt=\"\" class=\"wp-image-2037\" srcset=\"https:\/\/i0.wp.com\/vaast.armentierois.fr\/wp-content\/uploads\/2023\/09\/a2af3591-020b-4c19-b3fd-b1411288616f-713-000000bc9f9c9204_file-scaled.jpg?resize=1024%2C768&amp;ssl=1 1024w, https:\/\/i0.wp.com\/vaast.armentierois.fr\/wp-content\/uploads\/2023\/09\/a2af3591-020b-4c19-b3fd-b1411288616f-713-000000bc9f9c9204_file-scaled.jpg?resize=300%2C225&amp;ssl=1 300w, https:\/\/i0.wp.com\/vaast.armentierois.fr\/wp-content\/uploads\/2023\/09\/a2af3591-020b-4c19-b3fd-b1411288616f-713-000000bc9f9c9204_file-scaled.jpg?resize=768%2C576&amp;ssl=1 768w, https:\/\/i0.wp.com\/vaast.armentierois.fr\/wp-content\/uploads\/2023\/09\/a2af3591-020b-4c19-b3fd-b1411288616f-713-000000bc9f9c9204_file-scaled.jpg?resize=1536%2C1152&amp;ssl=1 1536w, https:\/\/i0.wp.com\/vaast.armentierois.fr\/wp-content\/uploads\/2023\/09\/a2af3591-020b-4c19-b3fd-b1411288616f-713-000000bc9f9c9204_file-scaled.jpg?resize=2048%2C1536&amp;ssl=1 2048w, https:\/\/i0.wp.com\/vaast.armentierois.fr\/wp-content\/uploads\/2023\/09\/a2af3591-020b-4c19-b3fd-b1411288616f-713-000000bc9f9c9204_file-scaled.jpg?w=1280&amp;ssl=1 1280w, https:\/\/i0.wp.com\/vaast.armentierois.fr\/wp-content\/uploads\/2023\/09\/a2af3591-020b-4c19-b3fd-b1411288616f-713-000000bc9f9c9204_file-scaled.jpg?w=1920&amp;ssl=1 1920w\" sizes=\"auto, (max-width: 640px) 100vw, 640px\" data-recalc-dims=\"1\" \/><\/figure>\n\n\n\n<figure class=\"wp-block-image size-large\"><img loading=\"lazy\" decoding=\"async\" width=\"640\" height=\"480\" data-id=\"2038\" src=\"https:\/\/i0.wp.com\/vaast.armentierois.fr\/wp-content\/uploads\/2023\/09\/0a6092ba-3408-43f6-bd27-fe3c6e7dc4d4-713-000000bcd4e0c25e_file.jpg?resize=640%2C480&#038;ssl=1\" alt=\"\" class=\"wp-image-2038\" srcset=\"https:\/\/i0.wp.com\/vaast.armentierois.fr\/wp-content\/uploads\/2023\/09\/0a6092ba-3408-43f6-bd27-fe3c6e7dc4d4-713-000000bcd4e0c25e_file-scaled.jpg?resize=1024%2C768&amp;ssl=1 1024w, https:\/\/i0.wp.com\/vaast.armentierois.fr\/wp-content\/uploads\/2023\/09\/0a6092ba-3408-43f6-bd27-fe3c6e7dc4d4-713-000000bcd4e0c25e_file-scaled.jpg?resize=300%2C225&amp;ssl=1 300w, https:\/\/i0.wp.com\/vaast.armentierois.fr\/wp-content\/uploads\/2023\/09\/0a6092ba-3408-43f6-bd27-fe3c6e7dc4d4-713-000000bcd4e0c25e_file-scaled.jpg?resize=768%2C576&amp;ssl=1 768w, https:\/\/i0.wp.com\/vaast.armentierois.fr\/wp-content\/uploads\/2023\/09\/0a6092ba-3408-43f6-bd27-fe3c6e7dc4d4-713-000000bcd4e0c25e_file-scaled.jpg?resize=1536%2C1152&amp;ssl=1 1536w, https:\/\/i0.wp.com\/vaast.armentierois.fr\/wp-content\/uploads\/2023\/09\/0a6092ba-3408-43f6-bd27-fe3c6e7dc4d4-713-000000bcd4e0c25e_file-scaled.jpg?resize=2048%2C1536&amp;ssl=1 2048w, https:\/\/i0.wp.com\/vaast.armentierois.fr\/wp-content\/uploads\/2023\/09\/0a6092ba-3408-43f6-bd27-fe3c6e7dc4d4-713-000000bcd4e0c25e_file-scaled.jpg?w=1280&amp;ssl=1 1280w, https:\/\/i0.wp.com\/vaast.armentierois.fr\/wp-content\/uploads\/2023\/09\/0a6092ba-3408-43f6-bd27-fe3c6e7dc4d4-713-000000bcd4e0c25e_file-scaled.jpg?w=1920&amp;ssl=1 1920w\" sizes=\"auto, (max-width: 640px) 100vw, 640px\" data-recalc-dims=\"1\" \/><\/figure>\n<\/figure>\n","protected":false},"excerpt":{"rendered":"","protected":false},"author":1,"featured_media":0,"parent":0,"menu_order":0,"comment_status":"closed","ping_status":"closed","template":"","meta":{"footnotes":""},"class_list":["post-2039","page","type-page","status-publish","hentry"],"_links":{"self":[{"href":"https:\/\/vaast.armentierois.fr\/index.php?rest_route=\/wp\/v2\/pages\/2039","targetHints":{"allow":["GET"]}}],"collection":[{"href":"https:\/\/vaast.armentierois.fr\/index.php?rest_route=\/wp\/v2\/pages"}],"about":[{"href":"https:\/\/vaast.armentierois.fr\/index.php?rest_route=\/wp\/v2\/types\/page"}],"author":[{"embeddable":true,"href":"https:\/\/vaast.armentierois.fr\/index.php?rest_route=\/wp\/v2\/users\/1"}],"replies":[{"embeddable":true,"href":"https:\/\/vaast.armentierois.fr\/index.php?rest_route=%2Fwp%2Fv2%2Fcomments&post=2039"}],"version-history":[{"count":0,"href":"https:\/\/vaast.armentierois.fr\/index.php?rest_route=\/wp\/v2\/pages\/2039\/revisions"}],"wp:attachment":[{"href":"https:\/\/vaast.armentierois.fr\/index.php?rest_route=%2Fwp%2Fv2%2Fmedia&parent=2039"}],"curies":[{"name":"wp","href":"https:\/\/api.w.org\/{rel}","templated":true}]}}