{"id":2051,"date":"2023-09-14T10:09:33","date_gmt":"2023-09-14T08:09:33","guid":{"rendered":"https:\/\/vaast.armentierois.fr\/?page_id=2051"},"modified":"2023-09-17T07:30:15","modified_gmt":"2023-09-17T05:30:15","slug":"louis","status":"publish","type":"page","link":"https:\/\/vaast.armentierois.fr\/?page_id=2051","title":{"rendered":"Louis"},"content":{"rendered":"\n<figure class=\"wp-block-image size-large\"><img loading=\"lazy\" decoding=\"async\" width=\"640\" height=\"853\" src=\"https:\/\/i0.wp.com\/vaast.armentierois.fr\/wp-content\/uploads\/2023\/09\/e4531a0e-986b-4bee-b4c9-e257f99668da-713-000000c202366e25_file.jpg?resize=640%2C853&#038;ssl=1\" alt=\"\" class=\"wp-image-2050\" srcset=\"https:\/\/i0.wp.com\/vaast.armentierois.fr\/wp-content\/uploads\/2023\/09\/e4531a0e-986b-4bee-b4c9-e257f99668da-713-000000c202366e25_file-scaled.jpg?resize=768%2C1024&amp;ssl=1 768w, https:\/\/i0.wp.com\/vaast.armentierois.fr\/wp-content\/uploads\/2023\/09\/e4531a0e-986b-4bee-b4c9-e257f99668da-713-000000c202366e25_file-scaled.jpg?resize=225%2C300&amp;ssl=1 225w, https:\/\/i0.wp.com\/vaast.armentierois.fr\/wp-content\/uploads\/2023\/09\/e4531a0e-986b-4bee-b4c9-e257f99668da-713-000000c202366e25_file-scaled.jpg?resize=1152%2C1536&amp;ssl=1 1152w, https:\/\/i0.wp.com\/vaast.armentierois.fr\/wp-content\/uploads\/2023\/09\/e4531a0e-986b-4bee-b4c9-e257f99668da-713-000000c202366e25_file-scaled.jpg?resize=1536%2C2048&amp;ssl=1 1536w, https:\/\/i0.wp.com\/vaast.armentierois.fr\/wp-content\/uploads\/2023\/09\/e4531a0e-986b-4bee-b4c9-e257f99668da-713-000000c202366e25_file-scaled.jpg?w=1920&amp;ssl=1 1920w, https:\/\/i0.wp.com\/vaast.armentierois.fr\/wp-content\/uploads\/2023\/09\/e4531a0e-986b-4bee-b4c9-e257f99668da-713-000000c202366e25_file-scaled.jpg?w=1280&amp;ssl=1 1280w\" sizes=\"auto, (max-width: 640px) 100vw, 640px\" data-recalc-dims=\"1\" \/><\/figure>\n\n\n\n<p>Saint Louis, bien que roi, avait le regard tourn\u00e9 vers les plus petits, vers les sans voix et veillait \u00e0 leur dignit\u00e9.<\/p>\n\n\n\n<p>Saint Louis est le seul roi de France \u00e0 avoir \u00e9t\u00e9 canonis\u00e9. Il est un mod\u00e8le de saint la\u00efc. Il est le saint patron de la France, du tiers ordre franciscain, du dioc\u00e8se aux arm\u00e9es. Il nous invite \u00e0 tourner notre regard vers le plus petit et \u00e0 compenser par notre charit\u00e9 les injustices de la nature. Il nous dit: \u00ab&nbsp;Cher fils [\u2026] aie le c\u0153ur compatissant envers les pauvres et envers tous ceux que tu consid\u00e9reras comme souffrants ou de c\u0153ur ou de corps ; et selon ton pouvoir soulage-les volontiers ou de soutien moral ou d\u2019aum\u00f4nes.&nbsp;\u00bb<\/p>\n\n\n\n<p>Il manifeste une grande confiance en Dieu tout au long de son existence jusqu\u2019\u00e0 sa mort.<\/p>\n\n\n\n<h1 class=\"wp-block-heading\" id=\"la-puissance-de-lhumilite\">Saint Louis nous montre la puissance de l\u2019humilit\u00e9<\/h1>\n\n\n\n<p>Sous son r\u00e8gne, Paris devient la ville la plus prestigieuse de la chr\u00e9tient\u00e9 occidentale. Pourtant en priv\u00e9, l\u2019aust\u00e9rit\u00e9 de Louis IX est \u00e0 toute \u00e9preuve : il je\u00fbne, porte cilice \u00e0 m\u00eame la peau en souvenir de la passion du Christ, soigne les pauvres, nourrit lui-m\u00eame les l\u00e9preux\u2026 Souverain du plus puissant \u00c9tat d\u2019Europe, il privil\u00e9gie humblement la conciliation et le droit du faible : corrigeant les torts caus\u00e9s \u00e0 son insu par ses officiers, il fait enqu\u00eater dans tout le royaume : en cas de biens mal acquis, les officiers doivent r\u00e9parer leurs fraudes\u2026 Jamais royaume n\u2019e\u00fbt prince plus conciliant, plus humble mais aussi plus renomm\u00e9, m\u00eame en pays maure, lors des croisades !<\/p>\n\n\n\n<p>Saint Louis, roi de France<strong>,<\/strong>&nbsp;a marqu\u00e9 l\u2019histoire par son rayonnement militaire, judiciaire et religieux. Saint Louis est la source de bien des progr\u00e8s dans le royaume de France. Pourtant devenu roi tr\u00e8s jeune, il fait ses preuves militaires et \u00e9crase les r\u00e9voltes de ses dissidents, mais conserve tout au long de son r\u00e8gne en France un&nbsp;profond sens de la justice, de la sagesse et de la foi chr\u00e9tienne. Tr\u00e8s grand roi et tr\u00e8s grand saint, Louis IX a laiss\u00e9 derri\u00e8re lui un brillant h\u00e9ritage patrimonial.<\/p>\n\n\n\n<h2 class=\"wp-block-heading\" id=\"la-vie-de-saint-louis\">La vie de Saint Louis<\/h2>\n\n\n\n<h3 class=\"wp-block-heading\" id=\"debut-de-regne-et-conflits\">D\u00e9but de r\u00e8gne et conflits<\/h3>\n\n\n\n<p>N\u00e9 en 1214,<strong>&nbsp;<\/strong>Louis IX&nbsp;est le&nbsp;petit-fils du roi Philippe Auguste, et apr\u00e8s la mort pr\u00e9coce de son fr\u00e8re Philippe, il devient le fils a\u00een\u00e9 des cinq enfants de la princesse&nbsp;Blanche de Castille&nbsp;et du roi Louis VIII. Ce dernier, appel\u00e9 \u201cle Lion\u201d, d\u00e9c\u00e8de en 1226, seulement quatre ans apr\u00e8s le d\u00e9but de son r\u00e8gne, &nbsp;donnant imm\u00e9diatement succession \u00e0 son fils, alors \u00e0 peine \u00e2g\u00e9 de 12 ans. En raison du jeune \u00e2ge du roi Louis, sa m\u00e8re assure la r\u00e9gence jusqu\u2019\u00e0 sa majorit\u00e9.&nbsp;<\/p>\n\n\n\n<p>Blanche de Castille \u00e0 t\u00f4t fait de faire sacrer son fils afin de limiter les flottement et incertitudes dans le royaume. N\u00e9anmoins, elle doit se confronter \u00e0 des conflits et r\u00e9voltes de la part de barons et comtes. Elle fait preuve de diplomatie pour amener la paix sur royaume \u00e0 travers mariages strat\u00e9giques, n\u00e9gociations, cessions de territoires, et m\u00eame en signant une tr\u00eave avec le roi Henri III d\u2019Angleterre en 1227.&nbsp;<\/p>\n\n\n\n<p>Or, le roi Louis IX doit tout de m\u00eame faire ses preuves militaires pour faire taire les conflits : en 1230, il entre en campagne contre Pierre Mauclerc, duc de Bretagne, qui avait pr\u00eat\u00e9 all\u00e9geance \u00e0 l\u2019Angleterre. Par sa victoire, il impose son autorit\u00e9 aux autres seigneurs contentieux. En 1234, Louis \u00e9pouse&nbsp;<strong>Marguerite de Provence<\/strong>, avec qui il aura onze enfants.&nbsp;<\/p>\n\n\n\n<p>Or, les conflits reprennent en 1242, avec&nbsp;la<strong>&nbsp;guerre de Saintonge<\/strong>, opposant le roi Louis et une coalition de comtes et grands seigneurs, dont Henri III, qui est d\u00e9sireux de reprendre possession des territoires qui furent occup\u00e9s par ses pr\u00e9d\u00e9cesseurs. La guerre s\u2019ach\u00e8ve en faveur de Louis IX, qui signe avec Henri III une tr\u00eave, puis un trait\u00e9 de paix, connu sous le nom de<strong>&nbsp;\u201ctrait\u00e9 de Paris\u201d en 1258<\/strong>. Par ailleurs, non rancunier, Louis autorisa Henri \u00e0 visiter la n\u00e9cropole de ses anc\u00eatres en France, et \u00e0 f\u00eater No\u00ebl en sa compagnie : les deux rois d\u00e9velopp\u00e8rent une sinc\u00e8re amiti\u00e9 par la suite.&nbsp;<\/p>\n\n\n\n<h3 class=\"wp-block-heading\" id=\"les-reformes-judiciaires-de-saint-louis\">Les r\u00e9formes judiciaires de Saint Louis<\/h3>\n\n\n\n<p><strong>Le roi Saint Louis&nbsp;<\/strong>est r\u00e9put\u00e9 pour avoir r\u00e9form\u00e9 le syst\u00e8me judiciaire de son royaume selon ses convictions religieuses profondes, inculqu\u00e9es par sa tr\u00e8s pieuse m\u00e8re la princesse Blanche de Castille.&nbsp;<strong>Saint Louis<\/strong>, dit le prudhomme, tient un profond sens de la justice et de l\u2019arbitrage, qui en partie lui a permis de r\u00e9soudre pendant la dur\u00e9e de son r\u00e8gne le long conflit entre cap\u00e9tiens et plantagen\u00eat. En outre, il mit fin aux tournois et duels pour limiter les vengeances personnelles, il renouvela en 1245 la quarantaine-le-roi, un d\u00e9lai de r\u00e9flexion de quarante jours instaur\u00e9 par son grand-p\u00e8re Philippe Auguste, visant \u00e0 apaiser les tensions entre deux clans en conflit. La notion de justice royale est peut-\u00eatre bien illustr\u00e9e par l\u2019image de&nbsp;\u201c<strong>Saint Louis rendant la justice sous le ch\u00eane<\/strong>\u201d, n\u00e9e de la mise en place d\u2019un syst\u00e8me \u00e0 travers lequel les sujets du roi pouvaient adresser leurs dol\u00e9ances directement \u00e0 leur souverain, et leurs griefs seraient ensuite r\u00e9solus par les responsables de la justice du roi. Saint Louis instaura \u00e9galement la \u201cgrande ordonnance\u201d, avan\u00e7ant la notion de pr\u00e9somption d\u2019innocence, assurant \u00e0 tous le droit d\u2019un bon proc\u00e8s. Des pr\u00e9v\u00f4ts sont d\u00e9sign\u00e9s pour assurer la justice dans les diff\u00e9rentes villes du royaume.&nbsp;<\/p>\n\n\n\n<h3 class=\"wp-block-heading\" id=\"les-croisades\">Les croisades<\/h3>\n\n\n\n<p>En tant que roi tr\u00e8s pieux, saint Louis entreprend&nbsp;la&nbsp;<strong>septi\u00e8me croisade<\/strong>, afin de permettre le&nbsp;<strong>p\u00e8lerinage en Terre sainte<\/strong>. Suite \u00e0 une convalescence due aux batailles de la guerre de Saintonge, et de longues pr\u00e9parations autant tactiques que spirituelles, il quitte la France en 1248 pour arriver en Egypte en 1249, apr\u00e8s une escale \u00e0 Chypre. Malgr\u00e9 des d\u00e9buts prometteurs, avec notamment l\u2019occupation de Damiette par l\u2019arm\u00e9e du roi Louis, les conflits se poursuivent en d\u00e9faveur des Templiers, et Louis et ses soldats sont faits prisonniers. Il est lib\u00e9r\u00e9 et part pour Saint Jean D\u2019Acre (aujourd\u2019hui situ\u00e9e \u00e0 Isra\u00ebl) en 1250, contre une importante ran\u00e7on d\u2019argent et la cession de Damiette. Il restera en Terre sainte quelques ann\u00e9es, gagnant la faveur des chr\u00e9tiens d\u2019Orients et s\u2019effor\u00e7ant de r\u00e9organiser les d\u00e9fenses des principaut\u00e9s franques. En 1252, Blanche de Castille d\u00e9c\u00e8de, et Louis retourne en France deux ans plus tard.&nbsp;<\/p>\n\n\n\n<p>Dix-huit ann\u00e9es plus tard, Louis IX se lance dans la huiti\u00e8me croisade. Embarquant pour Tunis en 1270, mais la chaleur et la maladie eut raison de la sant\u00e9 affaiblie du saint roi, qui mourut la m\u00eame ann\u00e9e, \u00e0 56 ans.&nbsp;<\/p>\n\n\n\n<p>Louis IX est canonis\u00e9 le 11 ao\u00fbt 1297 par le Pape Boniface VIII.<\/p>\n\n\n\n<p><strong>Prier avec Saint Louis<\/strong><\/p>\n\n\n\n<p>O DIEU, l\u2019\u00catre des \u00eatres qui \u00eates mon DIEU, prostern\u00e9 devant Votre divine Majest\u00e9, je Vous adore et je Vous aime. Daignez accepter l\u2019offrande que je Vous fais de toutes mes pens\u00e9es, de toutes mes paroles et de toutes mes actions.<\/p>\n\n\n\n<p>Je me propose d\u2019agir aujourd\u2019hui et toujours pour Votre amour, pour Votre gloire, pour accomplir Votre sainte volont\u00e9, pour Vous servir, Vous louer et vous b\u00e9nir, pour satisfaire \u00e0 Votre justice, pour le soulagement des \u00e2mes du Purgatoire, pour obtenir aux p\u00e9cheurs la gr\u00e2ce d\u2019une v\u00e9ritable conversion.<\/p>\n\n\n\n<p>Je d\u00e9sire faire tout en union, aux intentions et aux dispositions qu\u2019ont eues sur la terre tous les Saints du Ciel, l\u2019auguste Vierge Marie et J\u00e9sus-Christ, mon Sauveur. Je voudrais pouvoir signer de mon sang la protestation que je Vous fais en ce jour et la r\u00e9it\u00e9rer \u00e0 tous les moments jusqu\u2019\u00e0 mon dernier soupir.<\/p>\n\n\n\n<p>Recevez, \u00f4 mon Dieu, l\u2019hommage de mon c\u0153ur et de toutes ses affections et daignez m\u2019accorder la gr\u00e2ce de ne commettre aucun p\u00e9ch\u00e9 mortel au cours de ma vie, surtout en ce jour pendant lequel je d\u00e9sire gagner toutes les indulgences dont je serai capable.<\/p>\n\n\n\n<p>Je Vous prie de me faire participant des fruits de toutes les messes qu\u2019on c\u00e9l\u00e8brera et que toutes les bonnes \u0153uvres qu\u2019on fera servent \u00e0 la conversion des p\u00e9cheurs. Tout dans l\u2019amour de DIEU, Pour l\u2019amour de DIEU, Par amour pour DIEU.<\/p>\n\n\n\n<p>Amen.<\/p>\n","protected":false},"excerpt":{"rendered":"<p>Saint Louis, bien que roi, avait le regard tourn\u00e9 vers les plus petits, vers les sans voix et veillait \u00e0 &hellip; <\/p>\n","protected":false},"author":1,"featured_media":0,"parent":0,"menu_order":0,"comment_status":"closed","ping_status":"closed","template":"","meta":{"footnotes":""},"class_list":["post-2051","page","type-page","status-publish","hentry"],"_links":{"self":[{"href":"https:\/\/vaast.armentierois.fr\/index.php?rest_route=\/wp\/v2\/pages\/2051","targetHints":{"allow":["GET"]}}],"collection":[{"href":"https:\/\/vaast.armentierois.fr\/index.php?rest_route=\/wp\/v2\/pages"}],"about":[{"href":"https:\/\/vaast.armentierois.fr\/index.php?rest_route=\/wp\/v2\/types\/page"}],"author":[{"embeddable":true,"href":"https:\/\/vaast.armentierois.fr\/index.php?rest_route=\/wp\/v2\/users\/1"}],"replies":[{"embeddable":true,"href":"https:\/\/vaast.armentierois.fr\/index.php?rest_route=%2Fwp%2Fv2%2Fcomments&post=2051"}],"version-history":[{"count":1,"href":"https:\/\/vaast.armentierois.fr\/index.php?rest_route=\/wp\/v2\/pages\/2051\/revisions"}],"predecessor-version":[{"id":2241,"href":"https:\/\/vaast.armentierois.fr\/index.php?rest_route=\/wp\/v2\/pages\/2051\/revisions\/2241"}],"wp:attachment":[{"href":"https:\/\/vaast.armentierois.fr\/index.php?rest_route=%2Fwp%2Fv2%2Fmedia&parent=2051"}],"curies":[{"name":"wp","href":"https:\/\/api.w.org\/{rel}","templated":true}]}}