{"id":2138,"date":"2023-09-14T11:16:15","date_gmt":"2023-09-14T09:16:15","guid":{"rendered":"https:\/\/vaast.armentierois.fr\/?page_id=2138"},"modified":"2023-09-17T10:00:21","modified_gmt":"2023-09-17T08:00:21","slug":"toile-christ-aux-outrages","status":"publish","type":"page","link":"https:\/\/vaast.armentierois.fr\/?page_id=2138","title":{"rendered":"Toile Christ aux outrages"},"content":{"rendered":"\n<p>C&#8217;est un superbe tableau \u0153uvre du XVIIe si\u00e8cle d\u2019apr\u00e8s le peintre flamand Gerrit Van Honthorst class\u00e9 monument historique en 1906 et restaur\u00e9 en 1995. Il repr\u00e9sente&nbsp;: Le Christ aux outrages illustrant une sc\u00e8ne de la Passion du Christ\u2026&nbsp; \u00ab <em>Ils lui mirent sur la t\u00eate une couronne d\u2019\u00e9pines qu\u2019ils ont tress\u00e9e\u2026Ils lui frappaient la t\u00eate avec un roseau, ils crachaient sur lui et, se mettant \u00e0 genoux, ils l\u2019acclamaient se moquant de lui&nbsp;: Salut, roi des Juifs&nbsp;!&nbsp;\u00bb St Marc 15<\/em>. D\u2019autres tableaux pr\u00e8s de l\u2019entr\u00e9e de l\u2019\u00e9glise illustrent ce que J\u00e9sus a endur\u00e9 pour nous.<\/p>\n\n\n\n<figure class=\"wp-block-image size-large\"><img loading=\"lazy\" decoding=\"async\" width=\"640\" height=\"853\" src=\"https:\/\/i0.wp.com\/vaast.armentierois.fr\/wp-content\/uploads\/2023\/09\/c15e7a08-1823-490e-bdf9-738e51a3a270-713-000000d871b17e4a_file.jpg?resize=640%2C853&#038;ssl=1\" alt=\"\" class=\"wp-image-2137\" srcset=\"https:\/\/i0.wp.com\/vaast.armentierois.fr\/wp-content\/uploads\/2023\/09\/c15e7a08-1823-490e-bdf9-738e51a3a270-713-000000d871b17e4a_file-scaled.jpg?resize=768%2C1024&amp;ssl=1 768w, https:\/\/i0.wp.com\/vaast.armentierois.fr\/wp-content\/uploads\/2023\/09\/c15e7a08-1823-490e-bdf9-738e51a3a270-713-000000d871b17e4a_file-scaled.jpg?resize=225%2C300&amp;ssl=1 225w, https:\/\/i0.wp.com\/vaast.armentierois.fr\/wp-content\/uploads\/2023\/09\/c15e7a08-1823-490e-bdf9-738e51a3a270-713-000000d871b17e4a_file-scaled.jpg?resize=1152%2C1536&amp;ssl=1 1152w, https:\/\/i0.wp.com\/vaast.armentierois.fr\/wp-content\/uploads\/2023\/09\/c15e7a08-1823-490e-bdf9-738e51a3a270-713-000000d871b17e4a_file-scaled.jpg?resize=1536%2C2048&amp;ssl=1 1536w, https:\/\/i0.wp.com\/vaast.armentierois.fr\/wp-content\/uploads\/2023\/09\/c15e7a08-1823-490e-bdf9-738e51a3a270-713-000000d871b17e4a_file-scaled.jpg?w=1920&amp;ssl=1 1920w, https:\/\/i0.wp.com\/vaast.armentierois.fr\/wp-content\/uploads\/2023\/09\/c15e7a08-1823-490e-bdf9-738e51a3a270-713-000000d871b17e4a_file-scaled.jpg?w=1280&amp;ssl=1 1280w\" sizes=\"auto, (max-width: 640px) 100vw, 640px\" data-recalc-dims=\"1\" \/><figcaption class=\"wp-element-caption\">Le Christ aux outrages, oeuvre du XVII\u00e8me si\u00e8cle d&#8217;apr\u00e8s Gerrit van Honthorst (1590-1656)<\/figcaption><\/figure>\n\n\n\n<p>On peut \u00e9galement relier ce passage de l\u2019\u00e9vangile au \u00ab&nbsp;Dieu de piti\u00e9&nbsp;\u00bb sculpt\u00e9 par Masselot que l\u2019on trouve \u00e0 droite pr\u00e8s de l\u2019entr\u00e9e de l\u2019\u00e9glise. Assis sur un tertre, couvert d\u2019un drap et couronn\u00e9 d\u2019\u00e9pines, J\u00e9sus a les mains li\u00e9es et tient un roseau-massue comme sceptre de d\u00e9rision. (Jetant un regard triste sur le passant, il attend le supplice. Sur le socle, figure l\u2019inscription <em>Resurget frater tuus&nbsp;\u00bb<\/em> (ton fr\u00e8re ressuscitera) tir\u00e9e de l\u2019\u00e9vangile selon saint Jean (11,23) et faisant r\u00e9f\u00e9rence \u00e0 la r\u00e9surrection de Lazare son ami.<\/p>\n","protected":false},"excerpt":{"rendered":"<p>C&#8217;est un superbe tableau \u0153uvre du XVIIe si\u00e8cle d\u2019apr\u00e8s le peintre flamand Gerrit Van Honthorst class\u00e9 monument historique en 1906 &hellip; <\/p>\n","protected":false},"author":1,"featured_media":0,"parent":0,"menu_order":0,"comment_status":"closed","ping_status":"closed","template":"","meta":{"footnotes":""},"class_list":["post-2138","page","type-page","status-publish","hentry"],"_links":{"self":[{"href":"https:\/\/vaast.armentierois.fr\/index.php?rest_route=\/wp\/v2\/pages\/2138","targetHints":{"allow":["GET"]}}],"collection":[{"href":"https:\/\/vaast.armentierois.fr\/index.php?rest_route=\/wp\/v2\/pages"}],"about":[{"href":"https:\/\/vaast.armentierois.fr\/index.php?rest_route=\/wp\/v2\/types\/page"}],"author":[{"embeddable":true,"href":"https:\/\/vaast.armentierois.fr\/index.php?rest_route=\/wp\/v2\/users\/1"}],"replies":[{"embeddable":true,"href":"https:\/\/vaast.armentierois.fr\/index.php?rest_route=%2Fwp%2Fv2%2Fcomments&post=2138"}],"version-history":[{"count":3,"href":"https:\/\/vaast.armentierois.fr\/index.php?rest_route=\/wp\/v2\/pages\/2138\/revisions"}],"predecessor-version":[{"id":2301,"href":"https:\/\/vaast.armentierois.fr\/index.php?rest_route=\/wp\/v2\/pages\/2138\/revisions\/2301"}],"wp:attachment":[{"href":"https:\/\/vaast.armentierois.fr\/index.php?rest_route=%2Fwp%2Fv2%2Fmedia&parent=2138"}],"curies":[{"name":"wp","href":"https:\/\/api.w.org\/{rel}","templated":true}]}}