{"id":237,"date":"2023-07-16T19:51:59","date_gmt":"2023-07-16T17:51:59","guid":{"rendered":"https:\/\/www.nds.armentierois.fr\/?page_id=237"},"modified":"2023-09-13T20:04:35","modified_gmt":"2023-09-13T18:04:35","slug":"9eme-station-jesus-tombe-pour-la-troisieme-fois","status":"publish","type":"page","link":"https:\/\/vaast.armentierois.fr\/?page_id=237","title":{"rendered":"9\u00e8me station, J\u00e9sus tombe pour la troisi\u00e8me fois"},"content":{"rendered":"\n<p class=\"has-light-green-cyan-background-color has-background\">Du livre du proph\u00e8te Isa\u00efe (<em>Is<\/em>&nbsp;53, 5-6)<\/p>\n\n\n\n<p class=\"has-light-green-cyan-background-color has-background\"><em>C\u2019est \u00e0 cause de nos r\u00e9voltes qu\u2019il a \u00e9t\u00e9 transperc\u00e9, \u00e0 cause de nos fautes qu\u2019il a \u00e9t\u00e9 broy\u00e9. Le ch\u00e2timent qui nous donne la paix a pes\u00e9 sur lui&nbsp;: par ses blessures nous sommes gu\u00e9ris. Nous \u00e9tions tous errants comme des brebis, chacun suivait son propre chemin. Mais le Seigneur a fait retomber sur lui nos fautes \u00e0 nous tous<\/em>.<\/p>\n\n\n\n<figure class=\"wp-block-image size-large\"><img loading=\"lazy\" decoding=\"async\" width=\"640\" height=\"480\" src=\"https:\/\/i0.wp.com\/vaast.armentierois.fr\/wp-content\/uploads\/2023\/09\/866c900a-4445-4728-a8d6-91b0910a1b8b-5624-0000034cc700ae34_file.jpg?resize=640%2C480&#038;ssl=1\" alt=\"\" class=\"wp-image-1966\" srcset=\"https:\/\/i0.wp.com\/vaast.armentierois.fr\/wp-content\/uploads\/2023\/09\/866c900a-4445-4728-a8d6-91b0910a1b8b-5624-0000034cc700ae34_file-scaled.jpg?resize=1024%2C768&amp;ssl=1 1024w, https:\/\/i0.wp.com\/vaast.armentierois.fr\/wp-content\/uploads\/2023\/09\/866c900a-4445-4728-a8d6-91b0910a1b8b-5624-0000034cc700ae34_file-scaled.jpg?resize=300%2C225&amp;ssl=1 300w, https:\/\/i0.wp.com\/vaast.armentierois.fr\/wp-content\/uploads\/2023\/09\/866c900a-4445-4728-a8d6-91b0910a1b8b-5624-0000034cc700ae34_file-scaled.jpg?resize=768%2C576&amp;ssl=1 768w, https:\/\/i0.wp.com\/vaast.armentierois.fr\/wp-content\/uploads\/2023\/09\/866c900a-4445-4728-a8d6-91b0910a1b8b-5624-0000034cc700ae34_file-scaled.jpg?resize=1536%2C1152&amp;ssl=1 1536w, https:\/\/i0.wp.com\/vaast.armentierois.fr\/wp-content\/uploads\/2023\/09\/866c900a-4445-4728-a8d6-91b0910a1b8b-5624-0000034cc700ae34_file-scaled.jpg?resize=2048%2C1536&amp;ssl=1 2048w, https:\/\/i0.wp.com\/vaast.armentierois.fr\/wp-content\/uploads\/2023\/09\/866c900a-4445-4728-a8d6-91b0910a1b8b-5624-0000034cc700ae34_file-scaled.jpg?w=1280&amp;ssl=1 1280w, https:\/\/i0.wp.com\/vaast.armentierois.fr\/wp-content\/uploads\/2023\/09\/866c900a-4445-4728-a8d6-91b0910a1b8b-5624-0000034cc700ae34_file-scaled.jpg?w=1920&amp;ssl=1 1920w\" sizes=\"auto, (max-width: 640px) 100vw, 640px\" data-recalc-dims=\"1\" \/><\/figure>\n\n\n\n<p>Je te vois, J\u00e9sus, alors que tu tombes pour la troisi\u00e8me fois. Deux fois d\u00e9j\u00e0 tu es tomb\u00e9 et deux fois tu t\u2019es relev\u00e9. Il n\u2019y a plus de limites \u00e0 ta fatigue et \u00e0 ta douleur, tu sembles d\u00e9sormais d\u00e9finitivement vaincu dans cette troisi\u00e8me et derni\u00e8re chute. Combien de fois, dans la vie de tous les jours, il nous arrive de tomber&nbsp;! Nous tombons si souvent que nous ne savons plus combien de fois, mais nous esp\u00e9rons toujours que chaque chute sera la derni\u00e8re, car il faut le courage de l\u2019esp\u00e9rance pour faire face \u00e0 la souffrance. Quand quelqu\u2019un tombe si souvent, \u00e0 la fin les forces disparaissent et l\u2019esp\u00e9rance s\u2019\u00e9vanouit d\u00e9finitivement.<\/p>\n\n\n\n<p>Je m\u2019imagine pr\u00e8s de toi, J\u00e9sus, sur le parcours qui te conduit \u00e0 la mort. Il est difficile de penser que tu es le Fils de Dieu en personne. Quelqu\u2019un a d\u00e9j\u00e0 essay\u00e9 de t\u2019aider mais tu es maintenant \u00e9puis\u00e9, tu es arr\u00eat\u00e9, paralys\u00e9 et il semble que tu ne parviendras plus \u00e0 continuer. Mais voil\u00e0 que, soudain, je vois que tu te rel\u00e8ves, tu redresses les jambes et le dos, autant qu\u2019il est possible avec une croix sur les \u00e9paules, et tu recommences \u00e0 marcher. Oui, tu marches vers la mort, mais tu veux le faire jusqu\u2019au bout. C\u2019est peut-\u00eatre \u00e7a l\u2019amour. Ce que je comprends c\u2019est que le nombre de nos chutes n\u2019a pas d\u2019importance. Il y aura toujours la derni\u00e8re, peut-\u00eatre la pire, l\u2019\u00e9preuve la plus terrible dans laquelle nous sommes appel\u00e9s \u00e0 trouver la force pour arriver au bout du chemin. Pour J\u00e9sus, la fin est la crucifixion, l\u2019absurdit\u00e9 de la mort, mais qui r\u00e9v\u00e8le un sens plus profond, un but plus haut, celui de nous sauver tous.<\/p>\n\n\n\n<p class=\"has-background\" style=\"background:linear-gradient(286deg,rgba(252,185,0,1) 0%,rgba(255,105,0,1) 100%)\">Je te prie, Seigneur, donne-nous chaque jour<br \/>le courage pour continuer sur notre chemin.<br \/>Fais que nous accueillions jusqu\u2019au bout<br \/>l\u2019esp\u00e9rance et l\u2019amour que tu nous a donn\u00e9s.<br \/>Que tous puissent faire face aux d\u00e9fis de la vie<br \/>avec la force et la foi avec lesquelles tu as v\u00e9cu<br \/>les derniers moments de ton chemin<br \/>vers la mort sur la croix.<\/p>\n\n\n\n<p class=\"has-background\" style=\"background:linear-gradient(286deg,rgba(252,185,0,1) 0%,rgba(255,105,0,1) 100%)\">On peut prier le Notre P\u00e8re.<\/p>\n","protected":false},"excerpt":{"rendered":"<p>Du livre du proph\u00e8te Isa\u00efe (Is&nbsp;53, 5-6) C\u2019est \u00e0 cause de nos r\u00e9voltes qu\u2019il a \u00e9t\u00e9 transperc\u00e9, \u00e0 cause de &hellip; <\/p>\n","protected":false},"author":1,"featured_media":0,"parent":0,"menu_order":0,"comment_status":"closed","ping_status":"closed","template":"","meta":{"footnotes":""},"class_list":["post-237","page","type-page","status-publish","hentry"],"_links":{"self":[{"href":"https:\/\/vaast.armentierois.fr\/index.php?rest_route=\/wp\/v2\/pages\/237","targetHints":{"allow":["GET"]}}],"collection":[{"href":"https:\/\/vaast.armentierois.fr\/index.php?rest_route=\/wp\/v2\/pages"}],"about":[{"href":"https:\/\/vaast.armentierois.fr\/index.php?rest_route=\/wp\/v2\/types\/page"}],"author":[{"embeddable":true,"href":"https:\/\/vaast.armentierois.fr\/index.php?rest_route=\/wp\/v2\/users\/1"}],"replies":[{"embeddable":true,"href":"https:\/\/vaast.armentierois.fr\/index.php?rest_route=%2Fwp%2Fv2%2Fcomments&post=237"}],"version-history":[{"count":2,"href":"https:\/\/vaast.armentierois.fr\/index.php?rest_route=\/wp\/v2\/pages\/237\/revisions"}],"predecessor-version":[{"id":1968,"href":"https:\/\/vaast.armentierois.fr\/index.php?rest_route=\/wp\/v2\/pages\/237\/revisions\/1968"}],"wp:attachment":[{"href":"https:\/\/vaast.armentierois.fr\/index.php?rest_route=%2Fwp%2Fv2%2Fmedia&parent=237"}],"curies":[{"name":"wp","href":"https:\/\/api.w.org\/{rel}","templated":true}]}}