{"id":241,"date":"2023-07-16T19:53:31","date_gmt":"2023-07-16T17:53:31","guid":{"rendered":"https:\/\/www.nds.armentierois.fr\/?page_id=241"},"modified":"2023-09-13T19:58:53","modified_gmt":"2023-09-13T17:58:53","slug":"7eme-station-jesus-tombe-pour-la-deuxieme-fois","status":"publish","type":"page","link":"https:\/\/vaast.armentierois.fr\/?page_id=241","title":{"rendered":"7\u00e8me station, J\u00e9sus tombe pour la deuxi\u00e8me fois"},"content":{"rendered":"\n<p class=\"has-light-green-cyan-background-color has-background\">D<em>u livre du proph\u00e8te Isa\u00efe (Is 53, 8.10)<\/em><\/p>\n\n\n\n<p class=\"has-light-green-cyan-background-color has-background\"><em>Arr\u00eat\u00e9 puis jug\u00e9, il a \u00e9t\u00e9 supprim\u00e9. Qui donc s\u2019est inqui\u00e9t\u00e9 de son sort&nbsp;? Il a \u00e9t\u00e9 retranch\u00e9 de la terre des vivants, frapp\u00e9 \u00e0 mort pour les r\u00e9voltes de son peuple. [\u2026] Broy\u00e9 par la souffrance, il a plu au Seigneur<\/em>.<\/p>\n\n\n\n<figure class=\"wp-block-image size-large\"><img loading=\"lazy\" decoding=\"async\" width=\"640\" height=\"480\" src=\"https:\/\/i0.wp.com\/vaast.armentierois.fr\/wp-content\/uploads\/2023\/09\/d88f52b9-2ddc-46d9-977e-148267af81ac-5624-0000034ab01c9480_file.jpg?resize=640%2C480&#038;ssl=1\" alt=\"\" class=\"wp-image-1948\" srcset=\"https:\/\/i0.wp.com\/vaast.armentierois.fr\/wp-content\/uploads\/2023\/09\/d88f52b9-2ddc-46d9-977e-148267af81ac-5624-0000034ab01c9480_file-scaled.jpg?resize=1024%2C768&amp;ssl=1 1024w, https:\/\/i0.wp.com\/vaast.armentierois.fr\/wp-content\/uploads\/2023\/09\/d88f52b9-2ddc-46d9-977e-148267af81ac-5624-0000034ab01c9480_file-scaled.jpg?resize=300%2C225&amp;ssl=1 300w, https:\/\/i0.wp.com\/vaast.armentierois.fr\/wp-content\/uploads\/2023\/09\/d88f52b9-2ddc-46d9-977e-148267af81ac-5624-0000034ab01c9480_file-scaled.jpg?resize=768%2C576&amp;ssl=1 768w, https:\/\/i0.wp.com\/vaast.armentierois.fr\/wp-content\/uploads\/2023\/09\/d88f52b9-2ddc-46d9-977e-148267af81ac-5624-0000034ab01c9480_file-scaled.jpg?resize=1536%2C1152&amp;ssl=1 1536w, https:\/\/i0.wp.com\/vaast.armentierois.fr\/wp-content\/uploads\/2023\/09\/d88f52b9-2ddc-46d9-977e-148267af81ac-5624-0000034ab01c9480_file-scaled.jpg?resize=2048%2C1536&amp;ssl=1 2048w, https:\/\/i0.wp.com\/vaast.armentierois.fr\/wp-content\/uploads\/2023\/09\/d88f52b9-2ddc-46d9-977e-148267af81ac-5624-0000034ab01c9480_file-scaled.jpg?w=1280&amp;ssl=1 1280w, https:\/\/i0.wp.com\/vaast.armentierois.fr\/wp-content\/uploads\/2023\/09\/d88f52b9-2ddc-46d9-977e-148267af81ac-5624-0000034ab01c9480_file-scaled.jpg?w=1920&amp;ssl=1 1920w\" sizes=\"auto, (max-width: 640px) 100vw, 640px\" data-recalc-dims=\"1\" \/><\/figure>\n\n\n\n<p>Je te vois, J\u00e9sus, tomber de nouveau devant mes yeux. En tombant encore tu me montres que tu es un homme, un homme v\u00e9ritable. Et je vois que tu te rel\u00e8ves de nouveau, plus d\u00e9cid\u00e9 qu\u2019avant. Tu ne te rel\u00e8ves pas avec orgueil&nbsp;; il n\u2019y a pas d\u2019orgueil dans ton regard, il y a de l\u2019amour. Et en poursuivant ta marche, en te relevant apr\u00e8s chaque chute, tu annonces ta r\u00e9surrection, tu montres que tu es pr\u00eat \u00e0 charger une fois encore et pour toujours, sur tes \u00e9paules sanglantes le poids du p\u00e9ch\u00e9 de l\u2019homme.<\/p>\n\n\n\n<p>En tombant encore tu nous as donn\u00e9 un message clair d\u2019humilit\u00e9&nbsp;; tu es tomb\u00e9 \u00e0 terre, sur cet&nbsp;<em>humus<\/em>&nbsp;dont nous, les humains, sommes n\u00e9s. Nous sommes terre, nous sommes boue, nous ne sommes rien compar\u00e9s \u00e0 toi. Mais tu as voulu devenir comme nous, et maintenant tu te montres proche de nous, avec nos propres peines, nos propres faiblesses, la m\u00eame sueur \u00e0 notre front. Maintenant toi aussi, en ce vendredi, comme il nous arrive \u00e0 nous aussi, tu es prostr\u00e9 de douleur. Mais tu as la force de continuer, tu n\u2019as pas peur des difficult\u00e9s que tu peux rencontrer, et tu sais qu\u2019\u00e0 la fin des peines il y a le Paradis&nbsp;; tu te rel\u00e8ves, justement, pour t\u2019y rendre, pour nous ouvrir les portes de ton Royaume. Tu es un Roi \u00e9trange, un roi dans la poussi\u00e8re.<\/p>\n\n\n\n<p>Je suis pris de vertige&nbsp;: nous ne sommes pas dignes de comparer nos peines et nos chutes aux tiennes. Les tiennes sont un sacrifice, le sacrifice le plus grand que mes yeux et que toute l&#8217;histoire ne pourront jamais voir.<\/p>\n\n\n\n<p class=\"has-background\" style=\"background:linear-gradient(290deg,rgb(238,238,238) 0%,rgb(169,184,195) 100%)\">Je te prie, Seigneur, fais que nous soyons pr\u00eats \u00e0 nous relever apr\u00e8s \u00eatre tomb\u00e9s,<br \/>que nous puissions apprendre quelque chose de nos \u00e9checs.<br \/>Rappelle-nous que, lorsqu\u2019il nous arrive de nous tromper et de tomber,<br \/>si nous sommes avec toi et que nous serrons ta main,<br \/>nous pouvons apprendre et nous relever.<br \/>Fais que nous, les jeunes, puissions porter \u00e0 tous ton message d\u2019humilit\u00e9<br \/>et que les g\u00e9n\u00e9rations \u00e0 venir ouvrent les yeux sur toi<br \/>et sachent comprendre ton amour.<br \/>Enseigne-nous \u00e0 aider celui qui souffre et tombe \u00e0 c\u00f4t\u00e9 de nous,<br \/>\u00e0 essuyer sa sueur et \u00e0 tendre la main pour le remettre debout.<\/p>\n\n\n\n<p class=\"has-background\" style=\"background:linear-gradient(290deg,rgb(238,238,238) 0%,rgb(169,184,195) 100%)\">On peut prier le Notre P\u00e8re.<\/p>\n","protected":false},"excerpt":{"rendered":"<p>Du livre du proph\u00e8te Isa\u00efe (Is 53, 8.10) Arr\u00eat\u00e9 puis jug\u00e9, il a \u00e9t\u00e9 supprim\u00e9. Qui donc s\u2019est inqui\u00e9t\u00e9 de &hellip; <\/p>\n","protected":false},"author":1,"featured_media":0,"parent":0,"menu_order":0,"comment_status":"closed","ping_status":"closed","template":"","meta":{"footnotes":""},"class_list":["post-241","page","type-page","status-publish","hentry"],"_links":{"self":[{"href":"https:\/\/vaast.armentierois.fr\/index.php?rest_route=\/wp\/v2\/pages\/241","targetHints":{"allow":["GET"]}}],"collection":[{"href":"https:\/\/vaast.armentierois.fr\/index.php?rest_route=\/wp\/v2\/pages"}],"about":[{"href":"https:\/\/vaast.armentierois.fr\/index.php?rest_route=\/wp\/v2\/types\/page"}],"author":[{"embeddable":true,"href":"https:\/\/vaast.armentierois.fr\/index.php?rest_route=\/wp\/v2\/users\/1"}],"replies":[{"embeddable":true,"href":"https:\/\/vaast.armentierois.fr\/index.php?rest_route=%2Fwp%2Fv2%2Fcomments&post=241"}],"version-history":[{"count":2,"href":"https:\/\/vaast.armentierois.fr\/index.php?rest_route=\/wp\/v2\/pages\/241\/revisions"}],"predecessor-version":[{"id":1950,"href":"https:\/\/vaast.armentierois.fr\/index.php?rest_route=\/wp\/v2\/pages\/241\/revisions\/1950"}],"wp:attachment":[{"href":"https:\/\/vaast.armentierois.fr\/index.php?rest_route=%2Fwp%2Fv2%2Fmedia&parent=241"}],"curies":[{"name":"wp","href":"https:\/\/api.w.org\/{rel}","templated":true}]}}