{"id":44,"date":"2023-07-15T15:50:33","date_gmt":"2023-07-15T13:50:33","guid":{"rendered":"http:\/\/www.nds.armentierois.fr\/?page_id=44"},"modified":"2023-09-13T10:37:47","modified_gmt":"2023-09-13T08:37:47","slug":"se-preparer-au-bapteme-a-leucharistie-a-la-confirmation","status":"publish","type":"page","link":"https:\/\/vaast.armentierois.fr\/?page_id=44","title":{"rendered":"Se pr\u00e9parer au bapt\u00eame, \u00e0 l&#8217;eucharistie, \u00e0 la confirmation"},"content":{"rendered":"\n<p>Vous \u00eates adultes et vous souhaitez recevoir le bapt\u00eame, communier ou recevoir la force de l&#8217;Esprit-Saint, vous pouvez contacter la paroisse au <strong>03 20 77 20 82<\/strong> ou envoyer votre demande \u00e0 <strong><a href=\"12apotres@armentierois.fr\">Paroisse les douze ap\u00f4tres<\/a><\/strong><\/p>\n","protected":false},"excerpt":{"rendered":"<p>Vous \u00eates adultes et vous souhaitez recevoir le bapt\u00eame, communier ou recevoir la force de l&#8217;Esprit-Saint, vous pouvez contacter la &hellip; <\/p>\n","protected":false},"author":1,"featured_media":0,"parent":0,"menu_order":0,"comment_status":"closed","ping_status":"closed","template":"","meta":{"footnotes":""},"class_list":["post-44","page","type-page","status-publish","hentry"],"_links":{"self":[{"href":"https:\/\/vaast.armentierois.fr\/index.php?rest_route=\/wp\/v2\/pages\/44","targetHints":{"allow":["GET"]}}],"collection":[{"href":"https:\/\/vaast.armentierois.fr\/index.php?rest_route=\/wp\/v2\/pages"}],"about":[{"href":"https:\/\/vaast.armentierois.fr\/index.php?rest_route=\/wp\/v2\/types\/page"}],"author":[{"embeddable":true,"href":"https:\/\/vaast.armentierois.fr\/index.php?rest_route=\/wp\/v2\/users\/1"}],"replies":[{"embeddable":true,"href":"https:\/\/vaast.armentierois.fr\/index.php?rest_route=%2Fwp%2Fv2%2Fcomments&post=44"}],"version-history":[{"count":1,"href":"https:\/\/vaast.armentierois.fr\/index.php?rest_route=\/wp\/v2\/pages\/44\/revisions"}],"predecessor-version":[{"id":1771,"href":"https:\/\/vaast.armentierois.fr\/index.php?rest_route=\/wp\/v2\/pages\/44\/revisions\/1771"}],"wp:attachment":[{"href":"https:\/\/vaast.armentierois.fr\/index.php?rest_route=%2Fwp%2Fv2%2Fmedia&parent=44"}],"curies":[{"name":"wp","href":"https:\/\/api.w.org\/{rel}","templated":true}]}}