{"id":49,"date":"2023-07-15T15:56:42","date_gmt":"2023-07-15T13:56:42","guid":{"rendered":"http:\/\/www.nds.armentierois.fr\/?page_id=49"},"modified":"2023-09-14T10:13:04","modified_gmt":"2023-09-14T08:13:04","slug":"antoine-de-padoue","status":"publish","type":"page","link":"https:\/\/vaast.armentierois.fr\/?page_id=49","title":{"rendered":"Antoine de Padoue"},"content":{"rendered":"\n<p>La pi\u00e9t\u00e9 populaire a retenu le dicton &#8220;<em>Saint Antoine de Padoue, grand voleur, grand filou, rendez ce qui n&#8217;est pas \u00e0 vous !<\/em>&#8220;. En fait, Saint Antoine, a un don particulier pour nous aider \u00e0 retrouver les choses perdues, nous le prions pour retrouver les vertus que nous avons perdues et suivre son exemple !<\/p>\n\n\n\n<figure class=\"wp-block-image size-large\"><img loading=\"lazy\" decoding=\"async\" width=\"640\" height=\"853\" src=\"https:\/\/i0.wp.com\/vaast.armentierois.fr\/wp-content\/uploads\/2023\/09\/d818a14d-9d22-44f0-8753-c276021f206a-713-000000c2d0bbc1c9_file.jpg?resize=640%2C853&#038;ssl=1\" alt=\"\" class=\"wp-image-2055\" srcset=\"https:\/\/i0.wp.com\/vaast.armentierois.fr\/wp-content\/uploads\/2023\/09\/d818a14d-9d22-44f0-8753-c276021f206a-713-000000c2d0bbc1c9_file-scaled.jpg?resize=768%2C1024&amp;ssl=1 768w, https:\/\/i0.wp.com\/vaast.armentierois.fr\/wp-content\/uploads\/2023\/09\/d818a14d-9d22-44f0-8753-c276021f206a-713-000000c2d0bbc1c9_file-scaled.jpg?resize=225%2C300&amp;ssl=1 225w, https:\/\/i0.wp.com\/vaast.armentierois.fr\/wp-content\/uploads\/2023\/09\/d818a14d-9d22-44f0-8753-c276021f206a-713-000000c2d0bbc1c9_file-scaled.jpg?resize=1152%2C1536&amp;ssl=1 1152w, https:\/\/i0.wp.com\/vaast.armentierois.fr\/wp-content\/uploads\/2023\/09\/d818a14d-9d22-44f0-8753-c276021f206a-713-000000c2d0bbc1c9_file-scaled.jpg?resize=1536%2C2048&amp;ssl=1 1536w, https:\/\/i0.wp.com\/vaast.armentierois.fr\/wp-content\/uploads\/2023\/09\/d818a14d-9d22-44f0-8753-c276021f206a-713-000000c2d0bbc1c9_file-scaled.jpg?w=1920&amp;ssl=1 1920w, https:\/\/i0.wp.com\/vaast.armentierois.fr\/wp-content\/uploads\/2023\/09\/d818a14d-9d22-44f0-8753-c276021f206a-713-000000c2d0bbc1c9_file-scaled.jpg?w=1280&amp;ssl=1 1280w\" sizes=\"auto, (max-width: 640px) 100vw, 640px\" data-recalc-dims=\"1\" \/><\/figure>\n\n\n\n<p><\/p>\n\n\n\n<p><strong>Qui est Saint Antoine de Padoue ?<\/strong><\/p>\n\n\n\n<p>Antoine est n\u00e9 \u00e0 Lisbonne, au Portugal, sous le nom de Fernando, en 1195. Fils a\u00een\u00e9 d&#8217;une famille noble et riche, il entre,&nbsp;\u00e0 quinze ans, chez les chanoines r\u00e9guliers de Saint-Augustin. \u00c0 vingt-cinq ans, il est ordonn\u00e9 pr\u00eatre.<\/p>\n\n\n\n<p>Disciple de saint Augustin et de saint Fran\u00e7ois d&#8217;Assise, il se r\u00e9v\u00e8le un excellent pr\u00e9dicateur. C&#8217;est pourquoi il est envoy\u00e9 en France pour lutter contre l&#8217;h\u00e9r\u00e9sie cathare. Beaucoup de personnes se convertissent en l&#8217;\u00e9coutant. Antoine fonde un monast\u00e8re \u00e0 Brive-la-Gaillarde. En 1230, il devient conseiller du pape Gr\u00e9goire IX. En 1231, il se retire au couvent Sainte-Marie de Padoue o\u00f9 il meurt d&#8217;\u00e9puisement, le vendredi 13 juin, \u00e0 trente-six ans. Canonis\u00e9 d\u00e8s 1232, saint Antoine de Padoue est proclam\u00e9 docteur de l&#8217;\u00c9glise en 1946.<\/p>\n\n\n\n<p><strong>Pourquoi se confier \u00e0 lui ?<\/strong><\/p>\n\n\n\n<p>Aujourd&#8217;hui comme hier, Antoine nous pr\u00e9sente l&#8217;enfant J\u00e9sus, comme pour nous dire : \u00ab &nbsp;N&#8217;ayez pas peur de prendre J\u00e9sus pour compagnon et ami. \u00bb&nbsp;<\/p>\n\n\n\n<p>En regardant Antoine tenant l&#8217;enfant J\u00e9sus dans les bras, on per\u00e7oit son intimit\u00e9 profonde, de tous les instants, avec J\u00e9sus, une connivence qui a permis au Seigneur de r\u00e9aliser ce que le Seigneur voulait de lui.<\/p>\n\n\n\n<p>Cette intimit\u00e9 avec J\u00e9sus est tellement forte qu&#8217;elle te transfigure. Et du coup, tu transfigures ceux que tu touches, ceux qui s&#8217;approchent de toi. Tu r\u00e9v\u00e8les \u00e0 chacun la tendresse, le visage, la proximit\u00e9 de Dieu.<\/p>\n\n\n\n<figure class=\"wp-block-image size-large\"><img decoding=\"async\" src=\"https:\/\/i0.wp.com\/martin.armentierois.fr\/wp-content\/uploads\/2023\/08\/c067a2bf-ae89-4129-930c-e8b26c8bc2d4-21055-00000cf59c99119b_file-1024x768.jpg?resize=640%2C480&#038;ssl=1\" alt=\"\" class=\"wp-image-969\" data-recalc-dims=\"1\"\/><\/figure>\n\n\n\n<h1 class=\"wp-block-heading\">Prier avec Saint Antoine<\/h1>\n\n\n\n<p><strong>Neuvaine \u00e0 Saint Antoine de Padoue<\/strong><\/p>\n\n\n\n<p><em>Que Dieu soit lou\u00e9.<\/em><br \/>O&nbsp;Reine du tr\u00e8s Saint Rosaire,<br \/>priez pour moi pendant cette neuvaine.<br \/><strong>Saint Antoine<\/strong>, j\u2019ai recours \u00e0 votre protection et comme preuve de ma foi et de mon affection pour vous je vous offre cette bougie allum\u00e9e.<br \/>Je vous en supplie, voyez la situation o\u00f9 je me trouve.<br \/>R\u00e9confortez-moi et ma famille aupr\u00e8s de notre<br \/>Seigneur J\u00e9sus-Christ.<br \/>Assistez-moi dans les n\u00e9cessit\u00e9s de la vie.<br \/><strong>O<\/strong>&nbsp;<strong>Saint Antoine de Padoue<\/strong>, \u00e9coutez ma pri\u00e8re.<br \/>Ayez piti\u00e9 de moi.<br \/>Accordez-moi les faveurs que je vous demande<\/p>\n\n\n\n<p>(faites vos demandes).<\/p>\n\n\n\n<p><em>Je vous prie, aidez-moi \u00e0 surmonter toutes les<\/em><br \/><em>difficult\u00e9s que je viens de d\u00e9poser \u00e0 vos pieds.<\/em><br \/><em>Je crois en vous.<\/em><br \/><em>J\u2019ai confiance en vous et j\u2019esp\u00e8re en vous.<\/em><\/p>\n\n\n\n<p><strong>Litanies de Saint Antoine<\/strong><\/p>\n\n\n\n<p>Seigneur, &nbsp;&nbsp;&nbsp;&nbsp;&nbsp;&nbsp;&nbsp; &nbsp;&nbsp;&nbsp;&nbsp;&nbsp;&nbsp;&nbsp;&nbsp;&nbsp;&nbsp;&nbsp;&nbsp;&nbsp; &nbsp;&nbsp;&nbsp;&nbsp;&nbsp;&nbsp;&nbsp;&nbsp;&nbsp;&nbsp;&nbsp;&nbsp;&nbsp; &nbsp;&nbsp;&nbsp;&nbsp;&nbsp;&nbsp;&nbsp;&nbsp;&nbsp;&nbsp;&nbsp;&nbsp;&nbsp; &nbsp;&nbsp;&nbsp;&nbsp;&nbsp;&nbsp;&nbsp;&nbsp;&nbsp;&nbsp;&nbsp;&nbsp;&nbsp;&nbsp;<em>prends piti\u00e9 de nous<\/em><br \/>O Christ, &nbsp;&nbsp;&nbsp;&nbsp;&nbsp;&nbsp;&nbsp;&nbsp; &nbsp;&nbsp;&nbsp;&nbsp;&nbsp;&nbsp;&nbsp;&nbsp;&nbsp;&nbsp;&nbsp;&nbsp;&nbsp; &nbsp;&nbsp;&nbsp;&nbsp;&nbsp;&nbsp;&nbsp;&nbsp;&nbsp;&nbsp;&nbsp;&nbsp;&nbsp; &nbsp;&nbsp;&nbsp;&nbsp;&nbsp;&nbsp;&nbsp;&nbsp;&nbsp;&nbsp;&nbsp;&nbsp;&nbsp; &nbsp;&nbsp;&nbsp;&nbsp;&nbsp;&nbsp;&nbsp;&nbsp;&nbsp;&nbsp;&nbsp;&nbsp;&nbsp;&nbsp;<em>prends piti\u00e9 de nous<\/em><br \/>Seigneur, &nbsp;&nbsp;&nbsp;&nbsp;&nbsp;&nbsp;&nbsp; &nbsp;&nbsp;&nbsp;&nbsp;&nbsp;&nbsp;&nbsp;&nbsp;&nbsp;&nbsp;&nbsp;&nbsp;&nbsp; &nbsp;&nbsp;&nbsp;&nbsp;&nbsp;&nbsp;&nbsp;&nbsp;&nbsp;&nbsp;&nbsp;&nbsp;&nbsp; &nbsp;&nbsp;&nbsp;&nbsp;&nbsp;&nbsp;&nbsp;&nbsp;&nbsp;&nbsp;&nbsp;&nbsp;&nbsp; &nbsp;&nbsp;&nbsp;&nbsp;&nbsp;&nbsp;&nbsp;&nbsp;&nbsp;&nbsp;&nbsp;&nbsp;&nbsp;&nbsp;<em>prends piti\u00e9 de nous<\/em><br \/>J\u00e9sus-Christ,&nbsp;&nbsp;&nbsp; &nbsp;&nbsp;&nbsp;&nbsp;&nbsp;&nbsp;&nbsp;&nbsp;&nbsp;&nbsp;&nbsp;&nbsp;&nbsp; &nbsp;&nbsp;&nbsp;&nbsp;&nbsp;&nbsp;&nbsp;&nbsp;&nbsp;&nbsp;&nbsp;&nbsp;&nbsp; &nbsp;&nbsp;&nbsp;&nbsp;&nbsp;&nbsp;&nbsp;&nbsp;&nbsp;&nbsp;&nbsp;&nbsp;&nbsp; &nbsp;&nbsp;&nbsp;&nbsp;&nbsp;&nbsp;&nbsp;&nbsp;&nbsp;&nbsp;&nbsp;&nbsp;&nbsp; &nbsp;&nbsp;&nbsp;&nbsp;&nbsp;&nbsp;&nbsp;&nbsp;&nbsp;&nbsp;&nbsp;&nbsp;&nbsp;&nbsp;<em>\u00e9coute nous<\/em>,<br \/>J\u00e9sus-Christ,&nbsp;&nbsp;&nbsp; &nbsp;&nbsp;&nbsp;&nbsp;&nbsp;&nbsp;&nbsp;&nbsp;&nbsp;&nbsp;&nbsp;&nbsp;&nbsp; &nbsp;&nbsp;&nbsp;&nbsp;&nbsp;&nbsp;&nbsp;&nbsp;&nbsp;&nbsp;&nbsp;&nbsp;&nbsp; &nbsp;&nbsp;&nbsp;&nbsp;&nbsp;&nbsp;&nbsp;&nbsp;&nbsp;&nbsp;&nbsp;&nbsp;&nbsp; &nbsp;&nbsp;&nbsp;&nbsp;&nbsp;&nbsp;&nbsp;&nbsp;&nbsp;&nbsp;&nbsp;&nbsp; &nbsp;&nbsp;&nbsp;&nbsp;&nbsp;&nbsp;&nbsp;&nbsp;&nbsp;&nbsp;&nbsp;&nbsp;&nbsp;&nbsp;<em>exauce-nous,<\/em><br \/>Dieu le P\u00e8re des cieux, &nbsp;&nbsp;&nbsp;&nbsp;&nbsp;&nbsp;&nbsp;&nbsp;&nbsp; &nbsp;&nbsp;&nbsp;&nbsp;&nbsp;&nbsp;&nbsp;&nbsp;&nbsp;&nbsp;&nbsp;&nbsp;&nbsp; &nbsp;&nbsp;&nbsp;&nbsp;&nbsp;&nbsp;&nbsp;&nbsp;&nbsp;&nbsp;&nbsp;&nbsp;&nbsp;&nbsp;<em>prends piti\u00e9 de nous<\/em><br \/>Dieu le Fils r\u00e9dempteur du monde,&nbsp;<em>prends piti\u00e9 de nous<\/em><br \/>Dieu le Saint-Esprit,&nbsp;<em>prends piti\u00e9 de nous<\/em><br \/>Trinit\u00e9 sainte un seul Dieu,&nbsp;<em>prends piti\u00e9 de nous<\/em><br \/>Sainte Marie con\u00e7ue sans la tache originelle,&nbsp;&nbsp;&nbsp;<em>priez pour nous<\/em>.<\/p>\n\n\n\n<p><strong>Saint Antoine de Padoue<\/strong>, Docteur de l\u2019\u00c9glise,<br \/>Saint Antoine, nourri de l\u2019enseignement de Dieu<br \/>Saint Antoine, rempli de la sagesse divine,<br \/>Saint Antoine, lumi\u00e8re des esprits,<br \/>Saint Antoine, admirable imitateur de J\u00e9sus,<br \/>Saint Antoine, exemple d\u2019humilit\u00e9,<br \/>Saint Antoine, lys d\u2019ang\u00e9lique puret\u00e9,<br \/>Saint Antoine, d\u00e9daigneux des richesses,<br \/>Saint Antoine, ami de la pauvret\u00e9,<br \/>Saint Antoine, ennemi de l\u2019\u00e9go\u00efsme,<br \/>Saint Antoine, mod\u00e8le d\u2019ob\u00e9issance,<br \/>Saint Antoine, semeur de miracles,<br \/>Saint Antoine, qui ressuscitez les morts,<br \/>Saint Antoine, qui rendez la vue aux aveugles,<br \/>Saint Antoine, qui rendez l\u2019ou\u00efe aux sourds,<br \/>Saint Antoine, qui rendez la parole aux muets,<br \/>Saint Antoine, qui redressez les boiteux,<br \/>Saint Antoine, qui gu\u00e9rissez les malades,<br \/>Saint Antoine, qui chassez les d\u00e9mons,<br \/>Saint Antoine, compatissant aux p\u00e9cheurs,<br \/>Saint Antoine, protecteur des innocents,<br \/>Saint Antoine, d\u00e9fenseur des opprim\u00e9s,<br \/>Saint Antoine, lib\u00e9rateur des captifs,<br \/>Saint Antoine, guide des voyageurs,<br \/>Saint Antoine, conseiller des ind\u00e9cis,<br \/>Saint Antoine, pacificateur des tourment\u00e9s,<br \/>Saint Antoine, par qui nous demandons ce que nous avons perdu,<br \/>Saint Antoine, secourable \u00e0 tous.<\/p>\n\n\n\n<p>De l\u2019indiff\u00e9rence religieuse, &nbsp;&nbsp;&nbsp;&nbsp;&nbsp;<em>R\/ pr\u00e9servez-nous<\/em>,<em>&nbsp;Saint Antoine,<\/em><br \/>De l\u2019ignorance de l\u2019enseignement du Christ,<br \/>De la n\u00e9gligence dans le service de Dieu,<br \/>De la l\u00e2chet\u00e9 et de la peur du jugement d\u2019autrui,<br \/>Des dangers auxquels notre \u00e2me est expos\u00e9e,&nbsp;<em>R\/<\/em><br \/>De tout p\u00e9ch\u00e9 et de tout accident,<br \/>Dans la vie et \u00e0 l\u2019heure de notre mort.&nbsp;<em>R\/<\/em><\/p>\n\n\n\n<p><strong>Pour se mettre sous la protection de Saint Antoine<\/strong><\/p>\n\n\n\n<p><em>Glorieux Saint Antoine, je vous prie d\u2019\u00eatre le tuteur de toute ma personne !<\/em><br \/><em>Je vous confie mon corps, mon intelligence et toute ma vie !<\/em><br \/><em>Recevez-moi parmi vos serviteurs !<\/em><br \/><em>Aidez-moi dans mes travaux !<\/em><br \/><em>Soyez ma force dans mes infirmit\u00e9s et mes mis\u00e8res, mon esp\u00e9rance et mon refuge dans mes besoins, mon soutien dans tous les accidents !<\/em><br \/><em>Enfin \u00e0 l\u2019heure de ma mort, pr\u00eatez-moi votre charitable assistance ! Amen<\/em><\/p>\n","protected":false},"excerpt":{"rendered":"<p>La pi\u00e9t\u00e9 populaire a retenu le dicton &#8220;Saint Antoine de Padoue, grand voleur, grand filou, rendez ce qui n&#8217;est pas &hellip; <\/p>\n","protected":false},"author":1,"featured_media":0,"parent":0,"menu_order":0,"comment_status":"closed","ping_status":"closed","template":"","meta":{"footnotes":""},"class_list":["post-49","page","type-page","status-publish","hentry"],"_links":{"self":[{"href":"https:\/\/vaast.armentierois.fr\/index.php?rest_route=\/wp\/v2\/pages\/49","targetHints":{"allow":["GET"]}}],"collection":[{"href":"https:\/\/vaast.armentierois.fr\/index.php?rest_route=\/wp\/v2\/pages"}],"about":[{"href":"https:\/\/vaast.armentierois.fr\/index.php?rest_route=\/wp\/v2\/types\/page"}],"author":[{"embeddable":true,"href":"https:\/\/vaast.armentierois.fr\/index.php?rest_route=\/wp\/v2\/users\/1"}],"replies":[{"embeddable":true,"href":"https:\/\/vaast.armentierois.fr\/index.php?rest_route=%2Fwp%2Fv2%2Fcomments&post=49"}],"version-history":[{"count":2,"href":"https:\/\/vaast.armentierois.fr\/index.php?rest_route=\/wp\/v2\/pages\/49\/revisions"}],"predecessor-version":[{"id":2057,"href":"https:\/\/vaast.armentierois.fr\/index.php?rest_route=\/wp\/v2\/pages\/49\/revisions\/2057"}],"wp:attachment":[{"href":"https:\/\/vaast.armentierois.fr\/index.php?rest_route=%2Fwp%2Fv2%2Fmedia&parent=49"}],"curies":[{"name":"wp","href":"https:\/\/api.w.org\/{rel}","templated":true}]}}