{"id":67,"date":"2023-07-15T16:01:21","date_gmt":"2023-07-15T14:01:21","guid":{"rendered":"http:\/\/www.nds.armentierois.fr\/?page_id=67"},"modified":"2023-09-14T10:11:35","modified_gmt":"2023-09-14T08:11:35","slug":"germaine","status":"publish","type":"page","link":"https:\/\/vaast.armentierois.fr\/?page_id=67","title":{"rendered":"Philom\u00e8ne"},"content":{"rendered":"\n<p><strong>Dans quel cas prier sainte Philom\u00e8ne<\/strong>, cette jeune vierge morte en martyr pour ne pas avoir c\u00e9d\u00e9 aux avances de l\u2019empereur Diocl\u00e9tien ? Comme&nbsp;le saint cur\u00e9 d\u2019Ars&nbsp;ou&nbsp;<strong>Pauline Jaricot<\/strong>&nbsp;(dont la gu\u00e9rison miraculeuse est attribu\u00e9e \u00e0 l\u2019intercession de sainte Philom\u00e8ne), nous pouvons lui demander son aide dans toutes les difficult\u00e9s que nous traversons. Son nom signifie aim\u00e9e de Dieu ; nous pouvons donc lui confier sans crainte&nbsp;nos pri\u00e8res en temps d\u2019\u00e9preuves.<br \/>Laissons-la nous guider sur le chemin de confiance et de foi qu\u2019elle a elle-m\u00eame suivi !<\/p>\n\n\n\n<figure class=\"wp-block-image size-large\"><img loading=\"lazy\" decoding=\"async\" width=\"640\" height=\"853\" src=\"https:\/\/i0.wp.com\/vaast.armentierois.fr\/wp-content\/uploads\/2023\/09\/b9298947-3c3e-4569-995d-a7659db94396-713-000000c25ba51be7_file.jpg?resize=640%2C853&#038;ssl=1\" alt=\"\" class=\"wp-image-2052\" srcset=\"https:\/\/i0.wp.com\/vaast.armentierois.fr\/wp-content\/uploads\/2023\/09\/b9298947-3c3e-4569-995d-a7659db94396-713-000000c25ba51be7_file-scaled.jpg?resize=768%2C1024&amp;ssl=1 768w, https:\/\/i0.wp.com\/vaast.armentierois.fr\/wp-content\/uploads\/2023\/09\/b9298947-3c3e-4569-995d-a7659db94396-713-000000c25ba51be7_file-scaled.jpg?resize=225%2C300&amp;ssl=1 225w, https:\/\/i0.wp.com\/vaast.armentierois.fr\/wp-content\/uploads\/2023\/09\/b9298947-3c3e-4569-995d-a7659db94396-713-000000c25ba51be7_file-scaled.jpg?resize=1152%2C1536&amp;ssl=1 1152w, https:\/\/i0.wp.com\/vaast.armentierois.fr\/wp-content\/uploads\/2023\/09\/b9298947-3c3e-4569-995d-a7659db94396-713-000000c25ba51be7_file-scaled.jpg?resize=1536%2C2048&amp;ssl=1 1536w, https:\/\/i0.wp.com\/vaast.armentierois.fr\/wp-content\/uploads\/2023\/09\/b9298947-3c3e-4569-995d-a7659db94396-713-000000c25ba51be7_file-scaled.jpg?w=1920&amp;ssl=1 1920w, https:\/\/i0.wp.com\/vaast.armentierois.fr\/wp-content\/uploads\/2023\/09\/b9298947-3c3e-4569-995d-a7659db94396-713-000000c25ba51be7_file-scaled.jpg?w=1280&amp;ssl=1 1280w\" sizes=\"auto, (max-width: 640px) 100vw, 640px\" data-recalc-dims=\"1\" \/><\/figure>\n\n\n\n<h2 class=\"wp-block-heading\" id=\"priere-a-sainte-philomene-dans-les-moments-difficiles\">Pri\u00e8re \u00e0 sainte Philom\u00e8ne dans les moments difficiles<\/h2>\n\n\n\n<p><em>\u201c Illustre vierge et martyre, bienheureuse Sainte-Philom\u00e8ne, dont le nom et les miracles sont connus jusqu&#8217;aux extr\u00e9mit\u00e9s du monde, soyez sensible \u00e0 ma confiance en votre intercession, et au d\u00e9sir que j&#8217;ai de voir votre culte s&#8217;\u00e9tendre dans tout l&#8217;univers. Glorieuse vierge et martyre, je me r\u00e9jouis avec vous de la puissance que le Seigneur vous a donn\u00e9e, pour la Gloire de Son Nom et pour l&#8217;\u00e9dification de Son \u00c9glise. J&#8217;aime \u00e0 vous voir si pure, si g\u00e9n\u00e9reuse, si fid\u00e8le \u00e0 J\u00e9sus, si \u00e9lev\u00e9e dans la gloire.<\/em><\/p>\n\n\n\n<p><em>Attir\u00e9e par vos exemples \u00e0 la pratique de la vertu, plein d&#8217;espoir \u00e0 la vue des r\u00e9compenses accord\u00e9es \u00e0 vos m\u00e9rites, je veux fuir le p\u00e9ch\u00e9 et accomplir tout ce que Dieu me commande. Aidez-moi, grande Sainte, \u00e0 obtenir une puret\u00e9 \u00e0 jamais inviolable, une g\u00e9n\u00e9rosit\u00e9 qui ne se refuse pour l&#8217;amour de Dieu \u00e0 aucun sacrifice, un d\u00e9vouement sans bornes, la foi catholique, et . . . (nommez la faveur sp\u00e9ciale que vous d\u00e9sirez).<br \/>&nbsp;Ce Dieu si bon pour lequel vous avez donn\u00e9 votre sang et votre vie, ce Dieu qui m&#8217;a tant aim\u00e9, ne refusera rien \u00e0 vos pri\u00e8res. Ainsi soit-il. \u201c<\/em><\/p>\n","protected":false},"excerpt":{"rendered":"<p>Dans quel cas prier sainte Philom\u00e8ne, cette jeune vierge morte en martyr pour ne pas avoir c\u00e9d\u00e9 aux avances de &hellip; <\/p>\n","protected":false},"author":1,"featured_media":0,"parent":0,"menu_order":0,"comment_status":"closed","ping_status":"closed","template":"","meta":{"footnotes":""},"class_list":["post-67","page","type-page","status-publish","hentry"],"_links":{"self":[{"href":"https:\/\/vaast.armentierois.fr\/index.php?rest_route=\/wp\/v2\/pages\/67","targetHints":{"allow":["GET"]}}],"collection":[{"href":"https:\/\/vaast.armentierois.fr\/index.php?rest_route=\/wp\/v2\/pages"}],"about":[{"href":"https:\/\/vaast.armentierois.fr\/index.php?rest_route=\/wp\/v2\/types\/page"}],"author":[{"embeddable":true,"href":"https:\/\/vaast.armentierois.fr\/index.php?rest_route=\/wp\/v2\/users\/1"}],"replies":[{"embeddable":true,"href":"https:\/\/vaast.armentierois.fr\/index.php?rest_route=%2Fwp%2Fv2%2Fcomments&post=67"}],"version-history":[{"count":2,"href":"https:\/\/vaast.armentierois.fr\/index.php?rest_route=\/wp\/v2\/pages\/67\/revisions"}],"predecessor-version":[{"id":2054,"href":"https:\/\/vaast.armentierois.fr\/index.php?rest_route=\/wp\/v2\/pages\/67\/revisions\/2054"}],"wp:attachment":[{"href":"https:\/\/vaast.armentierois.fr\/index.php?rest_route=%2Fwp%2Fv2%2Fmedia&parent=67"}],"curies":[{"name":"wp","href":"https:\/\/api.w.org\/{rel}","templated":true}]}}